{"id":10864,"date":"2018-06-08T11:13:25","date_gmt":"2018-06-08T16:13:25","guid":{"rendered":"https:\/\/www.lasterrazasdedana.com\/?page_id=10864"},"modified":"2026-03-16T09:48:02","modified_gmt":"2026-03-16T14:48:02","slug":"tour-aves-mindo-medio-dia","status":"publish","type":"page","link":"https:\/\/www.lasterrazasdedana.com\/es\/tour-aves-mindo-medio-dia\/","title":{"rendered":"Half day Birding Tour in Mindo"},"content":{"rendered":"\t\t<div data-elementor-type=\"wp-post\" data-elementor-id=\"10864\" class=\"elementor elementor-10864 elementor-4644\" data-elementor-post-type=\"page\">\n\t\t\t\t<div class=\"elementor-element elementor-element-c073fad e-flex e-con-boxed e-con e-parent\" data-id=\"c073fad\" data-element_type=\"container\" data-e-type=\"container\" data-settings=\"{&quot;background_background&quot;:&quot;classic&quot;}\">\n\t\t\t\t\t<div class=\"e-con-inner\">\n\t\t<div class=\"elementor-element elementor-element-208a6cd e-con-full e-flex e-con e-child\" data-id=\"208a6cd\" data-element_type=\"container\" data-e-type=\"container\">\n\t\t\t\t<div class=\"elementor-element elementor-element-cc1e9b9 elementor-headline--style-highlight elementor-widget elementor-widget-animated-headline\" data-id=\"cc1e9b9\" data-element_type=\"widget\" data-e-type=\"widget\" data-settings=\"{&quot;marker&quot;:&quot;underline&quot;,&quot;highlighted_text&quot;:&quot;MEDIO D\\u00cdA&quot;,&quot;headline_style&quot;:&quot;highlight&quot;,&quot;loop&quot;:&quot;yes&quot;,&quot;highlight_animation_duration&quot;:1200,&quot;highlight_iteration_delay&quot;:8000}\" data-widget_type=\"animated-headline.default\">\n\t\t\t\t<div class=\"elementor-widget-container\">\n\t\t\t\t\t\t\t<h1 class=\"elementor-headline\">\n\t\t\t\t<span class=\"elementor-headline-dynamic-wrapper elementor-headline-text-wrapper\">\n\t\t\t\t\t<span class=\"elementor-headline-dynamic-text elementor-headline-text-active\">MEDIO D\u00cdA<\/span>\n\t\t\t\t<\/span>\n\t\t\t\t\t<span class=\"elementor-headline-plain-text elementor-headline-text-wrapper\">MINDO TOUR AVES<\/span>\n\t\t\t\t\t<\/h1>\n\t\t\t\t\t\t<\/div>\n\t\t\t\t<\/div>\n\t\t\t\t<div class=\"elementor-element elementor-element-1fc3cb9 elementor-widget elementor-widget-heading\" data-id=\"1fc3cb9\" data-element_type=\"widget\" data-e-type=\"widget\" data-widget_type=\"heading.default\">\n\t\t\t\t<div class=\"elementor-widget-container\">\n\t\t\t\t\t<h2 class=\"elementor-heading-title elementor-size-default\">PRECIO: 100$<\/h2>\t\t\t\t<\/div>\n\t\t\t\t<\/div>\n\t\t\t\t<div class=\"elementor-element elementor-element-917e9ce elementor-widget elementor-widget-text-editor\" data-id=\"917e9ce\" data-element_type=\"widget\" data-e-type=\"widget\" data-widget_type=\"text-editor.default\">\n\t\t\t\t<div class=\"elementor-widget-container\">\n\t\t\t\t\t\t\t\t\t<p>120* Hasta 2 hu\u00e9spedes PRECIO TOTAL.<\/p>\n<p>TRES HU\u00c9SPEDES: <span style=\"font-weight: var( --e-global-typography-text-font-weight );\">$120.<\/span><\/p>\n<p>CUATRO HU\u00c9SPEDES: $135.<\/p>\t\t\t\t\t\t\t\t<\/div>\n\t\t\t\t<\/div>\n\t\t\t\t<div class=\"elementor-element elementor-element-110ab73 elementor-icon-list--layout-traditional elementor-list-item-link-full_width elementor-widget elementor-widget-icon-list\" data-id=\"110ab73\" data-element_type=\"widget\" data-e-type=\"widget\" data-widget_type=\"icon-list.default\">\n\t\t\t\t<div class=\"elementor-widget-container\">\n\t\t\t\t\t\t\t<ul class=\"elementor-icon-list-items\">\n\t\t\t\t\t\t\t<li class=\"elementor-icon-list-item\">\n\t\t\t\t\t\t\t\t\t\t\t<span class=\"elementor-icon-list-icon\">\n\t\t\t\t\t\t\t<i aria-hidden=\"true\" class=\"fas fa-check\"><\/i>\t\t\t\t\t\t<\/span>\n\t\t\t\t\t\t\t\t\t\t<span class=\"elementor-icon-list-text\">Recogida desde el lodge a las 6:00am<\/span>\n\t\t\t\t\t\t\t\t\t<\/li>\n\t\t\t\t\t\t\t\t<li class=\"elementor-icon-list-item\">\n\t\t\t\t\t\t\t\t\t\t\t<span class=\"elementor-icon-list-icon\">\n\t\t\t\t\t\t\t<i aria-hidden=\"true\" class=\"fas fa-check\"><\/i>\t\t\t\t\t\t<\/span>\n\t\t\t\t\t\t\t\t\t\t<span class=\"elementor-icon-list-text\">Gu\u00eda de aves privado<\/span>\n\t\t\t\t\t\t\t\t\t<\/li>\n\t\t\t\t\t\t\t\t<li class=\"elementor-icon-list-item\">\n\t\t\t\t\t\t\t\t\t\t\t<span class=\"elementor-icon-list-icon\">\n\t\t\t\t\t\t\t<i aria-hidden=\"true\" class=\"fas fa-check\"><\/i>\t\t\t\t\t\t<\/span>\n\t\t\t\t\t\t\t\t\t\t<span class=\"elementor-icon-list-text\">Telescopio y binoculares<\/span>\n\t\t\t\t\t\t\t\t\t<\/li>\n\t\t\t\t\t\t\t\t<li class=\"elementor-icon-list-item\">\n\t\t\t\t\t\t\t\t\t\t\t<span class=\"elementor-icon-list-icon\">\n\t\t\t\t\t\t\t<i aria-hidden=\"true\" class=\"fas fa-check\"><\/i>\t\t\t\t\t\t<\/span>\n\t\t\t\t\t\t\t\t\t\t<span class=\"elementor-icon-list-text\">Transporte privado a la zona alta de Mindo<\/span>\n\t\t\t\t\t\t\t\t\t<\/li>\n\t\t\t\t\t\t\t\t<li class=\"elementor-icon-list-item\">\n\t\t\t\t\t\t\t\t\t\t\t<span class=\"elementor-icon-list-icon\">\n\t\t\t\t\t\t\t<i aria-hidden=\"true\" class=\"fas fa-check\"><\/i>\t\t\t\t\t\t<\/span>\n\t\t\t\t\t\t\t\t\t\t<span class=\"elementor-icon-list-text\">Pre-desayuno entregado la noche anterior<\/span>\n\t\t\t\t\t\t\t\t\t<\/li>\n\t\t\t\t\t\t\t\t<li class=\"elementor-icon-list-item\">\n\t\t\t\t\t\t\t\t\t\t\t<span class=\"elementor-icon-list-icon\">\n\t\t\t\t\t\t\t<i aria-hidden=\"true\" class=\"fas fa-check\"><\/i>\t\t\t\t\t\t<\/span>\n\t\t\t\t\t\t\t\t\t\t<span class=\"elementor-icon-list-text\">Lista de aves vista<\/span>\n\t\t\t\t\t\t\t\t\t<\/li>\n\t\t\t\t\t\t\t\t<li class=\"elementor-icon-list-item\">\n\t\t\t\t\t\t\t\t\t\t\t<span class=\"elementor-icon-list-icon\">\n\t\t\t\t\t\t\t<i aria-hidden=\"true\" class=\"fas fa-check\"><\/i>\t\t\t\t\t\t<\/span>\n\t\t\t\t\t\t\t\t\t\t<span class=\"elementor-icon-list-text\">Asesoramiento de gu\u00eda durante y despu\u00e9s del recorrido<\/span>\n\t\t\t\t\t\t\t\t\t<\/li>\n\t\t\t\t\t\t\t\t<li class=\"elementor-icon-list-item\">\n\t\t\t\t\t\t\t\t\t\t\t<span class=\"elementor-icon-list-icon\">\n\t\t\t\t\t\t\t<i aria-hidden=\"true\" class=\"fas fa-check\"><\/i>\t\t\t\t\t\t<\/span>\n\t\t\t\t\t\t\t\t\t\t<span class=\"elementor-icon-list-text\">Duraci\u00f3n aproximada: 3 1\/2 hours<\/span>\n\t\t\t\t\t\t\t\t\t<\/li>\n\t\t\t\t\t\t\t\t<li class=\"elementor-icon-list-item\">\n\t\t\t\t\t\t\t\t\t\t\t<span class=\"elementor-icon-list-icon\">\n\t\t\t\t\t\t\t<i aria-hidden=\"true\" class=\"fas fa-check\"><\/i>\t\t\t\t\t\t<\/span>\n\t\t\t\t\t\t\t\t\t\t<span class=\"elementor-icon-list-text\">Dificultad: f\u00e1cil<\/span>\n\t\t\t\t\t\t\t\t\t<\/li>\n\t\t\t\t\t\t\t\t<li class=\"elementor-icon-list-item\">\n\t\t\t\t\t\t\t\t\t\t\t<span class=\"elementor-icon-list-icon\">\n\t\t\t\t\t\t\t<i aria-hidden=\"true\" class=\"fas fa-check\"><\/i>\t\t\t\t\t\t<\/span>\n\t\t\t\t\t\t\t\t\t\t<span class=\"elementor-icon-list-text\">Desayuno completo en nuestro restaurante despu\u00e9s del recorrido<\/span>\n\t\t\t\t\t\t\t\t\t<\/li>\n\t\t\t\t\t\t<\/ul>\n\t\t\t\t\t\t<\/div>\n\t\t\t\t<\/div>\n\t\t\t\t<div class=\"elementor-element elementor-element-1e262b4 elementor-widget elementor-widget-text-editor\" data-id=\"1e262b4\" data-element_type=\"widget\" data-e-type=\"widget\" data-widget_type=\"text-editor.default\">\n\t\t\t\t<div class=\"elementor-widget-container\">\n\t\t\t\t\t\t\t\t\t<p><i class=\"fa fa-check\" style=\"font-size: 14px;\"><\/i>\u00a0 Aves que puedes ver: <span style=\"color: #d68b08;\">Yellow-throated Toucan, Choco Toucan, Golden-headed Quetzal, Collared Aracari<\/span>, Rufous Motmot, Crested Guan, Bronze-winged Parrot, Scaled Fruiteater, Tanagers, Woodpeckers<\/p>\t\t\t\t\t\t\t\t<\/div>\n\t\t\t\t<\/div>\n\t\t\t\t<\/div>\n\t\t<div class=\"elementor-element elementor-element-bd24af9 e-con-full e-flex e-con e-child\" data-id=\"bd24af9\" data-element_type=\"container\" data-e-type=\"container\">\n\t\t\t\t<div class=\"elementor-element elementor-element-8bb644b elementor-widget elementor-widget-spacer\" data-id=\"8bb644b\" data-element_type=\"widget\" data-e-type=\"widget\" data-widget_type=\"spacer.default\">\n\t\t\t\t<div class=\"elementor-widget-container\">\n\t\t\t\t\t\t\t<div class=\"elementor-spacer\">\n\t\t\t<div class=\"elementor-spacer-inner\"><\/div>\n\t\t<\/div>\n\t\t\t\t\t\t<\/div>\n\t\t\t\t<\/div>\n\t\t\t\t<\/div>\n\t\t\t\t\t<\/div>\n\t\t\t\t<\/div>\n\t\t<div class=\"elementor-element elementor-element-5c4d1d4 e-flex e-con-boxed e-con e-parent\" data-id=\"5c4d1d4\" data-element_type=\"container\" data-e-type=\"container\" data-settings=\"{&quot;background_background&quot;:&quot;classic&quot;}\">\n\t\t\t\t\t<div class=\"e-con-inner\">\n\t\t<div class=\"elementor-element elementor-element-0f61b53 e-con-full e-flex e-con e-child\" data-id=\"0f61b53\" data-element_type=\"container\" data-e-type=\"container\">\n\t\t\t\t<div class=\"elementor-element elementor-element-8f49dd5 elementor-widget elementor-widget-text-editor\" data-id=\"8f49dd5\" data-element_type=\"widget\" data-e-type=\"widget\" data-widget_type=\"text-editor.default\">\n\t\t\t\t<div class=\"elementor-widget-container\">\n\t\t\t\t\t\t\t\t\t<p><b>EXCURSI\u00d3N DE MEDIO D\u00cdA DE OBSERVACI\u00d3N DE AVES EN MINDO<\/b><\/p>\n<p>Emb\u00e1rcate en una encantadora aventura de observaci\u00f3n de aves en el coraz\u00f3n de Mindo, Ecuador, donde los exuberantes paisajes y las diversas especies de aves esperan tu descubrimiento. Nuestra experiencia de observaci\u00f3n de aves cuidadosamente seleccionada promete no solo un fest\u00edn visual de plumas vibrantes, sino tambi\u00e9n un viaje inmersivo al reino de las maravillas de la naturaleza.<\/p>\n<p><b>PRECIO:<\/b><\/p>\n<p>A un precio asequible de $95.00, nuestro paquete de observaci\u00f3n de aves enfocado a dos participantes entusiastas de la naturaleza, lo que garantiza un encuentro \u00edntimo y personalizado con la avifauna de la regi\u00f3n. El precio total cubre a ambos participantes, lo que te permite compartir los momentos inspiradores con tu compa\u00f1ero amante de las aves. Para aquellos que buscan una experiencia m\u00e1s comunitaria, ofrecemos la opci\u00f3n de expandir tu grupo:<\/p>\n<p>\u2013 TRES PERSONAS: Explora las maravillas aviares de Mindo con dos compa\u00f1eros a un costo total de $115.00.<\/p>\n<p>&nbsp;\u2013 CUATRO PERSONAS: Extiende la alegr\u00eda de la observaci\u00f3n de aves a un grupo m\u00e1s grande a un precio total de $130.00.<\/p>\n<p>Nuestra pol\u00edtica de precios transparente asegura que puedes adaptar tu experiencia al tama\u00f1o de tu grupo y hacerla accesible para todos los entusiastas de la naturaleza.<\/p>\n<p><b>ITINERARIO:<\/b><\/p>\n<p>La aventura comienza con una recogida en el lodge a la refrescante hora de las 6:00 am. Esto establece el tono para un d\u00eda lleno de maravillas naturales. Un gu\u00eda privado de observaci\u00f3n de aves te acompa\u00f1ar\u00e1 durante todo el viaje, ofreci\u00e9ndote informaci\u00f3n sobre los fascinantes comportamientos y caracter\u00edsticas de las diversas especies de aves que encuentres.<\/p>\n<p>Armado con telescopio de observaci\u00f3n y binoculares de primera categor\u00eda, ser\u00e1s testigo de las complejidades de la vida aviar. Adem\u00e1s, puedes capturar momentos que perdurar\u00e1n en tu memoria. El viaje a una zona alta en Mindo es facilitado por un transporte privado, que asegura que sea posible un transporte c\u00f3modo desde el lodge hasta la parte alta de Mindo.<\/p>\n<p>Adem\u00e1s, un pre-desayuno, entregado la noche anterior, te prepara para la expedici\u00f3n de la madrugada, y te permite maximizar tu tiempo inmerso en el mundo de las aves. La lista de aves vistas se convierte en un recuerdo preciado, cada especie avistada durante la duraci\u00f3n aproximada de 3 1\/2 horas del tour.<\/p>\n<p><b>EXPERIENCIA Y EXPERTICIA:<\/b><\/p>\n<p>Nuestros gu\u00edas no son solo navegantes a trav\u00e9s de la rica diversidad aviar de Mindo, son expertos apasionados deseosos de compartir sus conocimientos. La consultor\u00eda de gu\u00edas no se limita al tour, nuestros expertos est\u00e1n disponibles para preguntas y discusiones incluso despu\u00e9s de que concluye la aventura y te ayudan a enriquecer tu comprensi\u00f3n de la experiencia de observaci\u00f3n de aves.<\/p>\n<p><b>ENRIQUECIENDO EL VIAJE:<\/b><\/p>\n<p>El tour cuenta con un nivel de dificultad f\u00e1cil, asegurando que tanto los observadores de aves novatos como los experimentados puedan deleitarse en el espect\u00e1culo de la naturaleza.<\/p>\n<p><b>AVES QUE PODR\u00cdAS VER:<\/b><\/p>\n<p>La regi\u00f3n de Mindo es hogar de una gran cantidad de especies de aves, y nuestro tour promete avistamientos de aves ic\u00f3nicas como el Tuc\u00e1n de Garganta Amarilla, el Tuc\u00e1n del Choc\u00f3, el Quetzal de Cabeza Dorada, el Arasar\u00ed Acollarado, el Momoto Canelo, el Guan Crestado, el Loro de Alas Bronceadas, el Frutero Escamoso, los Tangaras y los p\u00e1jaros Carpinteros.<\/p>\t\t\t\t\t\t\t\t<\/div>\n\t\t\t\t<\/div>\n\t\t\t\t<\/div>\n\t\t<div class=\"elementor-element elementor-element-130e16a e-con-full e-flex e-con e-child\" data-id=\"130e16a\" data-element_type=\"container\" data-e-type=\"container\">\n\t\t\t\t<div class=\"elementor-element elementor-element-84e1543 elementor-widget elementor-widget-spacer\" data-id=\"84e1543\" data-element_type=\"widget\" data-e-type=\"widget\" data-widget_type=\"spacer.default\">\n\t\t\t\t<div class=\"elementor-widget-container\">\n\t\t\t\t\t\t\t<div class=\"elementor-spacer\">\n\t\t\t<div class=\"elementor-spacer-inner\"><\/div>\n\t\t<\/div>\n\t\t\t\t\t\t<\/div>\n\t\t\t\t<\/div>\n\t\t\t\t<\/div>\n\t\t\t\t\t<\/div>\n\t\t\t\t<\/div>\n\t\t\t\t<\/div>\n\t\t","protected":false},"excerpt":{"rendered":"<p>MEDIO D\u00cdA MINDO TOUR AVES PRECIO: 100$ 120* Hasta 2 hu\u00e9spedes PRECIO TOTAL. TRES HU\u00c9SPEDES: $120. CUATRO HU\u00c9SPEDES: $135. Recogida desde el lodge a las 6:00am Gu\u00eda de aves privado Telescopio y binoculares Transporte privado a la zona alta de Mindo Pre-desayuno entregado la noche anterior Lista de aves vista Asesoramiento de gu\u00eda durante y [&hellip;]<\/p>\n","protected":false},"author":2,"featured_media":7858,"parent":0,"menu_order":0,"comment_status":"closed","ping_status":"closed","template":"elementor_header_footer","meta":{"footnotes":""},"class_list":["post-10864","page","type-page","status-publish","has-post-thumbnail","hentry"],"_links":{"self":[{"href":"https:\/\/www.lasterrazasdedana.com\/es\/wp-json\/wp\/v2\/pages\/10864","targetHints":{"allow":["GET"]}}],"collection":[{"href":"https:\/\/www.lasterrazasdedana.com\/es\/wp-json\/wp\/v2\/pages"}],"about":[{"href":"https:\/\/www.lasterrazasdedana.com\/es\/wp-json\/wp\/v2\/types\/page"}],"author":[{"embeddable":true,"href":"https:\/\/www.lasterrazasdedana.com\/es\/wp-json\/wp\/v2\/users\/2"}],"replies":[{"embeddable":true,"href":"https:\/\/www.lasterrazasdedana.com\/es\/wp-json\/wp\/v2\/comments?post=10864"}],"version-history":[{"count":22,"href":"https:\/\/www.lasterrazasdedana.com\/es\/wp-json\/wp\/v2\/pages\/10864\/revisions"}],"predecessor-version":[{"id":18447,"href":"https:\/\/www.lasterrazasdedana.com\/es\/wp-json\/wp\/v2\/pages\/10864\/revisions\/18447"}],"wp:featuredmedia":[{"embeddable":true,"href":"https:\/\/www.lasterrazasdedana.com\/es\/wp-json\/wp\/v2\/media\/7858"}],"wp:attachment":[{"href":"https:\/\/www.lasterrazasdedana.com\/es\/wp-json\/wp\/v2\/media?parent=10864"}],"curies":[{"name":"wp","href":"https:\/\/api.w.org\/{rel}","templated":true}]}}