{"id":14928,"date":"2023-01-30T15:14:50","date_gmt":"2023-01-30T20:14:50","guid":{"rendered":"https:\/\/www.lasterrazasdedana.com\/?page_id=14928"},"modified":"2025-04-15T12:47:06","modified_gmt":"2025-04-15T17:47:06","slug":"gracias","status":"publish","type":"page","link":"https:\/\/www.lasterrazasdedana.com\/es\/gracias\/","title":{"rendered":"Gracias"},"content":{"rendered":"\t\t<div data-elementor-type=\"wp-page\" data-elementor-id=\"14928\" class=\"elementor elementor-14928 elementor-8561\" data-elementor-post-type=\"page\">\n\t\t\t\t<div class=\"elementor-element elementor-element-ae48f13 e-con-full e-flex e-con e-parent\" data-id=\"ae48f13\" data-element_type=\"container\" data-e-type=\"container\">\n\t\t\t\t<div class=\"elementor-element elementor-element-780641e elementor-widget elementor-widget-image\" data-id=\"780641e\" data-element_type=\"widget\" data-e-type=\"widget\" data-widget_type=\"image.default\">\n\t\t\t\t<div class=\"elementor-widget-container\">\n\t\t\t\t\t\t\t\t\t\t\t\t\t\t\t<img fetchpriority=\"high\" decoding=\"async\" width=\"2000\" height=\"713\" src=\"https:\/\/www.lasterrazasdedana.com\/wp-content\/uploads\/2024\/08\/thank-you-home.jpg\" class=\"attachment-full size-full wp-image-16116\" alt=\"\" srcset=\"https:\/\/www.lasterrazasdedana.com\/wp-content\/uploads\/2024\/08\/thank-you-home.jpg 2000w, https:\/\/www.lasterrazasdedana.com\/wp-content\/uploads\/2024\/08\/thank-you-home-300x107.jpg 300w, https:\/\/www.lasterrazasdedana.com\/wp-content\/uploads\/2024\/08\/thank-you-home-1024x365.jpg 1024w, https:\/\/www.lasterrazasdedana.com\/wp-content\/uploads\/2024\/08\/thank-you-home-768x274.jpg 768w, https:\/\/www.lasterrazasdedana.com\/wp-content\/uploads\/2024\/08\/thank-you-home-1536x548.jpg 1536w\" sizes=\"(max-width: 2000px) 100vw, 2000px\" title=\"\">\t\t\t\t\t\t\t\t\t\t\t\t\t\t\t<\/div>\n\t\t\t\t<\/div>\n\t\t\t\t<\/div>\n\t\t<div class=\"elementor-element elementor-element-11f2122 e-con-full e-flex e-con e-parent\" data-id=\"11f2122\" data-element_type=\"container\" data-e-type=\"container\" data-settings=\"{&quot;background_background&quot;:&quot;classic&quot;}\">\n\t\t<div class=\"elementor-element elementor-element-d8cf1a0 e-con-full animated-slow e-flex elementor-invisible e-con e-child\" data-id=\"d8cf1a0\" data-element_type=\"container\" data-e-type=\"container\" data-settings=\"{&quot;background_background&quot;:&quot;classic&quot;,&quot;animation&quot;:&quot;fadeInUp&quot;}\">\n\t\t\t\t<div class=\"elementor-element elementor-element-433f8a6 elementor-widget elementor-widget-heading\" data-id=\"433f8a6\" data-element_type=\"widget\" data-e-type=\"widget\" data-widget_type=\"heading.default\">\n\t\t\t\t<div class=\"elementor-widget-container\">\n\t\t\t\t\t<h6 class=\"elementor-heading-title elementor-size-default\">\u00a1Gracias por <br>ser incre\u00edble!<\/h6>\t\t\t\t<\/div>\n\t\t\t\t<\/div>\n\t\t\t\t<\/div>\n\t\t<div class=\"elementor-element elementor-element-2a58d7c e-con-full e-flex e-con e-child\" data-id=\"2a58d7c\" data-element_type=\"container\" data-e-type=\"container\" data-settings=\"{&quot;background_background&quot;:&quot;classic&quot;,&quot;animation&quot;:&quot;none&quot;}\">\n\t\t\t\t<div class=\"elementor-element elementor-element-8ffe89c elementor-icon-list--layout-inline elementor-align-center elementor-list-item-link-full_width elementor-widget elementor-widget-icon-list\" data-id=\"8ffe89c\" data-element_type=\"widget\" data-e-type=\"widget\" data-widget_type=\"icon-list.default\">\n\t\t\t\t<div class=\"elementor-widget-container\">\n\t\t\t\t\t\t\t<ul class=\"elementor-icon-list-items elementor-inline-items\">\n\t\t\t\t\t\t\t<li class=\"elementor-icon-list-item elementor-inline-item\">\n\t\t\t\t\t\t\t\t\t\t\t<span class=\"elementor-icon-list-icon\">\n\t\t\t\t\t\t\t<i aria-hidden=\"true\" class=\"far fa-check-circle\"><\/i>\t\t\t\t\t\t<\/span>\n\t\t\t\t\t\t\t\t\t\t<span class=\"elementor-icon-list-text\">Formulario de consulta enviado,<\/span>\n\t\t\t\t\t\t\t\t\t<\/li>\n\t\t\t\t\t\t<\/ul>\n\t\t\t\t\t\t<\/div>\n\t\t\t\t<\/div>\n\t\t\t\t<div class=\"elementor-element elementor-element-bad8851 elementor-widget elementor-widget-text-editor\" data-id=\"bad8851\" data-element_type=\"widget\" data-e-type=\"widget\" data-widget_type=\"text-editor.default\">\n\t\t\t\t<div class=\"elementor-widget-container\">\n\t\t\t\t\t\t\t\t\t<p>Muchas <span style=\"color: #d68b08;\">Gracias<\/span>!<\/p>\t\t\t\t\t\t\t\t<\/div>\n\t\t\t\t<\/div>\n\t\t\t\t<div class=\"elementor-element elementor-element-9ceb240 elementor-widget elementor-widget-text-editor\" data-id=\"9ceb240\" data-element_type=\"widget\" data-e-type=\"widget\" data-widget_type=\"text-editor.default\">\n\t\t\t\t<div class=\"elementor-widget-container\">\n\t\t\t\t\t\t\t\t\t<p>\u00a1Nos pondremos en contacto contigo en breve!<br \/>\u00a1Gracias por tu solicitud! \u00a1Esperamos tenerte como nuestro invitado!<br \/><span style=\"color: #a67526;\">Si no tiene noticias de nosotros en 24 horas,<\/span> Por favor revise su carpeta de SPAM o la pesta\u00f1a de Promociones en Gmail, si lo desea.<br \/><span style=\"color: #a67526;\">Por favor reenv\u00eda tu mensaje tambi\u00e9n en WhatsApp. <i class=\"fab fa-whatsapp\" aria-hidden=\"true\"><\/i><\/span><\/p>\t\t\t\t\t\t\t\t<\/div>\n\t\t\t\t<\/div>\n\t\t\t\t<div class=\"elementor-element elementor-element-0eae184 elementor-align-center elementor-widget elementor-widget-button\" data-id=\"0eae184\" data-element_type=\"widget\" data-e-type=\"widget\" data-widget_type=\"button.default\">\n\t\t\t\t<div class=\"elementor-widget-container\">\n\t\t\t\t\t\t\t\t\t<div class=\"elementor-button-wrapper\">\n\t\t\t\t\t<a class=\"elementor-button elementor-button-link elementor-size-sm\" href=\"\/es\/faq\/\">\n\t\t\t\t\t\t<span class=\"elementor-button-content-wrapper\">\n\t\t\t\t\t\t\t\t\t<span class=\"elementor-button-text\">FAQ<\/span>\n\t\t\t\t\t<\/span>\n\t\t\t\t\t<\/a>\n\t\t\t\t<\/div>\n\t\t\t\t\t\t\t\t<\/div>\n\t\t\t\t<\/div>\n\t\t\t\t<div class=\"elementor-element elementor-element-8c8152e elementor-align-center elementor-widget elementor-widget-button\" data-id=\"8c8152e\" data-element_type=\"widget\" data-e-type=\"widget\" data-widget_type=\"button.default\">\n\t\t\t\t<div class=\"elementor-widget-container\">\n\t\t\t\t\t\t\t\t\t<div class=\"elementor-button-wrapper\">\n\t\t\t\t\t<a class=\"elementor-button elementor-button-link elementor-size-sm\" href=\"https:\/\/instagram.com\/lasterrazasdedana\/\" target=\"_blank\" rel=\"noopener\">\n\t\t\t\t\t\t<span class=\"elementor-button-content-wrapper\">\n\t\t\t\t\t\t\t\t\t<span class=\"elementor-button-text\">Instagram<\/span>\n\t\t\t\t\t<\/span>\n\t\t\t\t\t<\/a>\n\t\t\t\t<\/div>\n\t\t\t\t\t\t\t\t<\/div>\n\t\t\t\t<\/div>\n\t\t\t\t<div class=\"elementor-element elementor-element-dc81d88 elementor-widget elementor-widget-text-editor\" data-id=\"dc81d88\" data-element_type=\"widget\" data-e-type=\"widget\" data-widget_type=\"text-editor.default\">\n\t\t\t\t<div class=\"elementor-widget-container\">\n\t\t\t\t\t\t\t\t\t<p>Mientras tanto, consulte nuestras preguntas frecuentes y aseg\u00farese de seguirnos en las redes sociales.<\/p>\t\t\t\t\t\t\t\t<\/div>\n\t\t\t\t<\/div>\n\t\t\t\t<div class=\"elementor-element elementor-element-346995e elementor-widget elementor-widget-text-editor\" data-id=\"346995e\" data-element_type=\"widget\" data-e-type=\"widget\" data-widget_type=\"text-editor.default\">\n\t\t\t\t<div class=\"elementor-widget-container\">\n\t\t\t\t\t\t\t\t\t<p>Reservando con nosotros te aseguras la mejor tarifa disponible online. Por favor si tienes alguna pregunta sobre las actividades en Mindo, no dudes en hac\u00e9rnosla saber.<br \/>\u00a1Haremos de tu estad\u00eda una experiencia inolvidable!<\/p>\t\t\t\t\t\t\t\t<\/div>\n\t\t\t\t<\/div>\n\t\t\t\t<\/div>\n\t\t\t\t<\/div>\n\t\t\t\t<\/div>\n\t\t","protected":false},"excerpt":{"rendered":"<p>\u00a1Gracias por ser incre\u00edble! Formulario de consulta enviado, Muchas Gracias! \u00a1Nos pondremos en contacto contigo en breve!\u00a1Gracias por tu solicitud! \u00a1Esperamos tenerte como nuestro invitado!Si no tiene noticias de nosotros en 24 horas, Por favor revise su carpeta de SPAM o la pesta\u00f1a de Promociones en Gmail, si lo desea.Por favor reenv\u00eda tu mensaje tambi\u00e9n [&hellip;]<\/p>\n","protected":false},"author":2,"featured_media":0,"parent":0,"menu_order":0,"comment_status":"closed","ping_status":"closed","template":"elementor_header_footer","meta":{"footnotes":""},"class_list":["post-14928","page","type-page","status-publish","hentry"],"_links":{"self":[{"href":"https:\/\/www.lasterrazasdedana.com\/es\/wp-json\/wp\/v2\/pages\/14928","targetHints":{"allow":["GET"]}}],"collection":[{"href":"https:\/\/www.lasterrazasdedana.com\/es\/wp-json\/wp\/v2\/pages"}],"about":[{"href":"https:\/\/www.lasterrazasdedana.com\/es\/wp-json\/wp\/v2\/types\/page"}],"author":[{"embeddable":true,"href":"https:\/\/www.lasterrazasdedana.com\/es\/wp-json\/wp\/v2\/users\/2"}],"replies":[{"embeddable":true,"href":"https:\/\/www.lasterrazasdedana.com\/es\/wp-json\/wp\/v2\/comments?post=14928"}],"version-history":[{"count":13,"href":"https:\/\/www.lasterrazasdedana.com\/es\/wp-json\/wp\/v2\/pages\/14928\/revisions"}],"predecessor-version":[{"id":16643,"href":"https:\/\/www.lasterrazasdedana.com\/es\/wp-json\/wp\/v2\/pages\/14928\/revisions\/16643"}],"wp:attachment":[{"href":"https:\/\/www.lasterrazasdedana.com\/es\/wp-json\/wp\/v2\/media?parent=14928"}],"curies":[{"name":"wp","href":"https:\/\/api.w.org\/{rel}","templated":true}]}}