{"id":4575,"date":"2018-06-03T14:50:53","date_gmt":"2018-06-03T19:50:53","guid":{"rendered":"https:\/\/www.lasterrazasdedana.com\/es\/el-lodge\/how-to-get-the-lodge\/"},"modified":"2025-06-13T17:14:07","modified_gmt":"2025-06-13T22:14:07","slug":"como-llegar-mindo-lodge","status":"publish","type":"page","link":"https:\/\/www.lasterrazasdedana.com\/es\/el-lodge\/como-llegar-mindo-lodge\/","title":{"rendered":"Como llegar a Las Terrazas de Dana"},"content":{"rendered":"\t\t<div data-elementor-type=\"wp-post\" data-elementor-id=\"4575\" class=\"elementor elementor-4575 elementor-4294\" data-elementor-post-type=\"page\">\n\t\t\t\t<div class=\"elementor-element elementor-element-443d6868 e-con-full e-flex e-con e-parent\" data-id=\"443d6868\" data-element_type=\"container\" data-e-type=\"container\" data-settings=\"{&quot;background_background&quot;:&quot;classic&quot;}\">\n\t\t<div class=\"elementor-element elementor-element-58bc92ac e-con-full e-flex e-con e-child\" data-id=\"58bc92ac\" data-element_type=\"container\" data-e-type=\"container\" data-settings=\"{&quot;background_background&quot;:&quot;classic&quot;}\">\n\t\t\t\t<div class=\"elementor-element elementor-element-7e687cab bng-hd animated-slow elementor-widget elementor-widget-heading\" data-id=\"7e687cab\" data-element_type=\"widget\" data-e-type=\"widget\" data-settings=\"{&quot;_animation&quot;:&quot;none&quot;}\" data-widget_type=\"heading.default\">\n\t\t\t\t<div class=\"elementor-widget-container\">\n\t\t\t\t\t<h2 class=\"elementor-heading-title elementor-size-default\">Como llegar a<\/h2>\t\t\t\t<\/div>\n\t\t\t\t<\/div>\n\t\t\t\t<div class=\"elementor-element elementor-element-2790de95 bng-hd animated-slow elementor-widget elementor-widget-heading\" data-id=\"2790de95\" data-element_type=\"widget\" data-e-type=\"widget\" data-settings=\"{&quot;_animation&quot;:&quot;none&quot;}\" data-widget_type=\"heading.default\">\n\t\t\t\t<div class=\"elementor-widget-container\">\n\t\t\t\t\t<h2 class=\"elementor-heading-title elementor-size-default\">Las Terrazas de Dana Boutique Lodge &amp; Spa<\/h2>\t\t\t\t<\/div>\n\t\t\t\t<\/div>\n\t\t\t\t<\/div>\n\t\t<div class=\"elementor-element elementor-element-7b7075ce e-con-full e-flex e-con e-child\" data-id=\"7b7075ce\" data-element_type=\"container\" data-e-type=\"container\" data-settings=\"{&quot;position&quot;:&quot;absolute&quot;}\">\n\t\t\t\t<div class=\"elementor-element elementor-element-bbd1c78 elementor-absolute elementor-hidden-mobile elementor-widget elementor-widget-image\" data-id=\"bbd1c78\" data-element_type=\"widget\" data-e-type=\"widget\" data-settings=\"{&quot;_position&quot;:&quot;absolute&quot;}\" data-widget_type=\"image.default\">\n\t\t\t\t<div class=\"elementor-widget-container\">\n\t\t\t\t\t\t\t\t\t\t\t\t\t\t\t<img fetchpriority=\"high\" decoding=\"async\" width=\"346\" height=\"173\" src=\"https:\/\/www.lasterrazasdedana.com\/wp-content\/uploads\/2024\/07\/img42-removebg-preview-e1719557262941.png\" class=\"attachment-large size-large wp-image-12367\" alt=\"\" srcset=\"https:\/\/www.lasterrazasdedana.com\/wp-content\/uploads\/2024\/07\/img42-removebg-preview-e1719557262941.png 346w, https:\/\/www.lasterrazasdedana.com\/wp-content\/uploads\/2024\/07\/img42-removebg-preview-e1719557262941-300x150.png 300w\" sizes=\"(max-width: 346px) 100vw, 346px\" title=\"\">\t\t\t\t\t\t\t\t\t\t\t\t\t\t\t<\/div>\n\t\t\t\t<\/div>\n\t\t\t\t<\/div>\n\t\t\t\t<\/div>\n\t\t<div class=\"elementor-element elementor-element-5abd98a8 e-con-full e-flex e-con e-parent\" data-id=\"5abd98a8\" data-element_type=\"container\" data-e-type=\"container\">\n\t\t<div class=\"elementor-element elementor-element-40836522 e-con-full elementor-hidden-mobile e-flex e-con e-child\" data-id=\"40836522\" data-element_type=\"container\" data-e-type=\"container\">\n\t\t\t\t<\/div>\n\t\t<div class=\"elementor-element elementor-element-66773fd5 e-con-full e-flex e-con e-child\" data-id=\"66773fd5\" data-element_type=\"container\" data-e-type=\"container\" data-settings=\"{&quot;background_background&quot;:&quot;classic&quot;}\">\n\t\t\t\t<div class=\"elementor-element elementor-element-7c23b26b animated-slow elementor-widget elementor-widget-heading\" data-id=\"7c23b26b\" data-element_type=\"widget\" data-e-type=\"widget\" data-settings=\"{&quot;_animation&quot;:&quot;none&quot;}\" data-widget_type=\"heading.default\">\n\t\t\t\t<div class=\"elementor-widget-container\">\n\t\t\t\t\t<h2 class=\"elementor-heading-title elementor-size-default\"><span style=\"color:#EDB95D\">NUESTRO LODGE<\/span> est\u00e1 a solamente 1,2 km. (0,8 millas), desde Mindo, direcci\u00f3n a la Tarabita y al Santuario de Cascadas.<\/h2>\t\t\t\t<\/div>\n\t\t\t\t<\/div>\n\t\t\t\t<\/div>\n\t\t\t\t<\/div>\n\t\t<div class=\"elementor-element elementor-element-1f8417a8 e-con-full e-flex e-con e-parent\" data-id=\"1f8417a8\" data-element_type=\"container\" data-e-type=\"container\">\n\t\t<div class=\"elementor-element elementor-element-21277574 e-con-full e-flex e-con e-child\" data-id=\"21277574\" data-element_type=\"container\" data-e-type=\"container\" data-settings=\"{&quot;background_background&quot;:&quot;classic&quot;}\">\n\t\t\t\t<div class=\"elementor-element elementor-element-7499117d elementor-widget elementor-widget-heading\" data-id=\"7499117d\" data-element_type=\"widget\" data-e-type=\"widget\" data-widget_type=\"heading.default\">\n\t\t\t\t<div class=\"elementor-widget-container\">\n\t\t\t\t\t<h2 class=\"elementor-heading-title elementor-size-default\">Transporte privado<\/h2>\t\t\t\t<\/div>\n\t\t\t\t<\/div>\n\t\t\t\t<\/div>\n\t\t<div class=\"elementor-element elementor-element-66c25ab e-con-full e-flex e-con e-child\" data-id=\"66c25ab\" data-element_type=\"container\" data-e-type=\"container\">\n\t\t<div class=\"elementor-element elementor-element-2dd0d670 e-con-full e-flex e-con e-child\" data-id=\"2dd0d670\" data-element_type=\"container\" data-e-type=\"container\" data-settings=\"{&quot;background_background&quot;:&quot;classic&quot;}\">\n\t\t\t\t<div class=\"elementor-element elementor-element-4266194a elementor-widget elementor-widget-heading\" data-id=\"4266194a\" data-element_type=\"widget\" data-e-type=\"widget\" data-widget_type=\"heading.default\">\n\t\t\t\t<div class=\"elementor-widget-container\">\n\t\t\t\t\t<h2 class=\"elementor-heading-title elementor-size-default\">Si decides venir en transporte organizado:\u200b<\/h2>\t\t\t\t<\/div>\n\t\t\t\t<\/div>\n\t\t\t\t<div class=\"elementor-element elementor-element-1afdcaff elementor-widget elementor-widget-heading\" data-id=\"1afdcaff\" data-element_type=\"widget\" data-e-type=\"widget\" data-widget_type=\"heading.default\">\n\t\t\t\t<div class=\"elementor-widget-container\">\n\t\t\t\t\t<h2 class=\"elementor-heading-title elementor-size-default\">Recomendamos contratar nuestro servicio de transporte, ya que colaboramos con conductores confiables de Mindo.<\/h2>\t\t\t\t<\/div>\n\t\t\t\t<\/div>\n\t\t\t\t<\/div>\n\t\t<div class=\"elementor-element elementor-element-1cd8ceda e-con-full e-flex e-con e-child\" data-id=\"1cd8ceda\" data-element_type=\"container\" data-e-type=\"container\">\n\t\t\t\t<div class=\"elementor-element elementor-element-594abfc8 animated-slow elementor-widget elementor-widget-heading\" data-id=\"594abfc8\" data-element_type=\"widget\" data-e-type=\"widget\" data-settings=\"{&quot;_animation&quot;:&quot;none&quot;}\" data-widget_type=\"heading.default\">\n\t\t\t\t<div class=\"elementor-widget-container\">\n\t\t\t\t\t<h2 class=\"elementor-heading-title elementor-size-default\">Tarifa hasta 4 hu\u00e9spedes (tipo de auto: pick up o SUV):<\/h2>\t\t\t\t<\/div>\n\t\t\t\t<\/div>\n\t\t\t\t<div class=\"elementor-element elementor-element-27c8d932 cust elementor-widget elementor-widget-html\" data-id=\"27c8d932\" data-element_type=\"widget\" data-e-type=\"widget\" data-widget_type=\"html.default\">\n\t\t\t\t<div class=\"elementor-widget-container\">\n\t\t\t\t\t<p>Desde y hasta Quito: <span>$95.00 cada trayecto<\/span><\/p>\r\n<p>Desde y hasta el aeropuerto, Hotel area aeropuerto o \u00e1rea del valle: <span>$95.00 cada trayecto<\/span>\r\n<p>Desde y hasta Otavalo: <span>$130.00 cada trayecto<\/span>\r\n<p>Desde y hasta Papallacta: <span>$120.00 cada trayecto<\/span>\r\n<p>Desde y hasta Cotopaxi: <span>$150.00 cada trayecto<\/span>\r\n<p>Desde y hasta Ba\u00f1os: <span>$180.00 cada trayecto<\/span>\r\n<p>Tambi\u00e9n disponible parada en la \u201cMitad del Mundo\u201d y el \u201cjard\u00edn de colibr\u00edes Los Armadillos\u201d, que se encuentra a la mitad del viaje a Mindo. $10 por agregar a nuestras tarifas si se solicitan paradas.\r\n\r\n<p>El pago se puede realizar con tarjeta de cr\u00e9dito y agregarlo a la factura del hotel. No se aplican cargos adicionales.\r\n<center><u>Grupos m\u00e1s grandes por favor cont\u00e1ctenos.<\/u><\/center>\t\t\t\t<\/div>\n\t\t\t\t<\/div>\n\t\t\t\t<\/div>\n\t\t\t\t<\/div>\n\t\t\t\t<\/div>\n\t\t<div class=\"elementor-element elementor-element-5c89fb5f e-con-full e-flex e-con e-parent\" data-id=\"5c89fb5f\" data-element_type=\"container\" data-e-type=\"container\">\n\t\t<div class=\"elementor-element elementor-element-274b75d e-con-full e-flex e-con e-child\" data-id=\"274b75d\" data-element_type=\"container\" data-e-type=\"container\" data-settings=\"{&quot;background_background&quot;:&quot;classic&quot;}\">\n\t\t\t\t<div class=\"elementor-element elementor-element-294a6384 elementor-widget elementor-widget-heading\" data-id=\"294a6384\" data-element_type=\"widget\" data-e-type=\"widget\" data-widget_type=\"heading.default\">\n\t\t\t\t<div class=\"elementor-widget-container\">\n\t\t\t\t\t<h2 class=\"elementor-heading-title elementor-size-default\">Bus<\/h2>\t\t\t\t<\/div>\n\t\t\t\t<\/div>\n\t\t\t\t<\/div>\n\t\t<div class=\"elementor-element elementor-element-14f24970 e-con-full e-flex e-con e-child\" data-id=\"14f24970\" data-element_type=\"container\" data-e-type=\"container\">\n\t\t<div class=\"elementor-element elementor-element-7591b56b e-con-full e-flex e-con e-child\" data-id=\"7591b56b\" data-element_type=\"container\" data-e-type=\"container\" data-settings=\"{&quot;background_background&quot;:&quot;classic&quot;}\">\n\t\t\t\t<div class=\"elementor-element elementor-element-5f5ebfd9 elementor-widget elementor-widget-heading\" data-id=\"5f5ebfd9\" data-element_type=\"widget\" data-e-type=\"widget\" data-widget_type=\"heading.default\">\n\t\t\t\t<div class=\"elementor-widget-container\">\n\t\t\t\t\t<h2 class=\"elementor-heading-title elementor-size-default\">Si elige viajar en bus,<\/h2>\t\t\t\t<\/div>\n\t\t\t\t<\/div>\n\t\t\t\t<div class=\"elementor-element elementor-element-3ea27612 elementor-widget elementor-widget-heading\" data-id=\"3ea27612\" data-element_type=\"widget\" data-e-type=\"widget\" data-widget_type=\"heading.default\">\n\t\t\t\t<div class=\"elementor-widget-container\">\n\t\t\t\t\t<h2 class=\"elementor-heading-title elementor-size-default\">El viaje de Quito a Mindo dura aproximadamente 2 horas. Comienza dirigi\u00e9ndote a la Terminal Terrestre Norte, tambi\u00e9n conocida como Estaci\u00f3n de Autobuses La Ofelia. All\u00ed, toma un autob\u00fas operado por la Cooperativa Flor del Valle. Aseg\u00farese de consultar el horario y llegue al menos 15-20 minutos antes de la salida para comprar su billete.<\/h2>\t\t\t\t<\/div>\n\t\t\t\t<\/div>\n\t\t\t\t<\/div>\n\t\t<div class=\"elementor-element elementor-element-31e9b904 e-con-full e-flex e-con e-child\" data-id=\"31e9b904\" data-element_type=\"container\" data-e-type=\"container\">\n\t\t\t\t<div class=\"elementor-element elementor-element-4f06cca animated-slow elementor-widget elementor-widget-heading\" data-id=\"4f06cca\" data-element_type=\"widget\" data-e-type=\"widget\" data-settings=\"{&quot;_animation&quot;:&quot;none&quot;}\" data-widget_type=\"heading.default\">\n\t\t\t\t<div class=\"elementor-widget-container\">\n\t\t\t\t\t<h2 class=\"elementor-heading-title elementor-size-default\">HORARIO DE BUSES<\/h2>\t\t\t\t<\/div>\n\t\t\t\t<\/div>\n\t\t\t\t<\/div>\n\t\t<div class=\"elementor-element elementor-element-4c8b4daf e-con-full e-flex e-con e-child\" data-id=\"4c8b4daf\" data-element_type=\"container\" data-e-type=\"container\">\n\t\t\t\t<div class=\"elementor-element elementor-element-5a4f3c3 elementor-widget elementor-widget-html\" data-id=\"5a4f3c3\" data-element_type=\"widget\" data-e-type=\"widget\" data-widget_type=\"html.default\">\n\t\t\t\t<div class=\"elementor-widget-container\">\n\t\t\t\t\t <div class=\"main-table\">\r\n        <div class=\"Monday\">\r\n            <div>\r\n                <h5 class=\"my-text1\">LUNES A VIERNES<\/h5>\r\n            <\/div>\r\n            <div class=\"week-box week-box1\">\r\n                <div><h5 class=\"heading-1\">Quito - Mindo<\/h5><\/div>\r\n                <div><h5 class=\"heading-2\">Mindo - Quito<\/h5><\/div>\r\n            <\/div>\r\n            <div class=\"time-box\">\r\n                <div class=\"my-time my-time1\">\r\n                    <p>8:00 Am<\/p>\r\n                    <p>9:00 Am<\/p>\r\n                    <p>11:00 Am<\/p>\r\n                    <p>4:00 Pm<\/p>\r\n                  <p> &nbsp;<\/p>\r\n                <\/div>\r\n                <div class=\"my-time my-time2\">\r\n                    <p>6:30 Am<\/p>\r\n                    <p>11:00 Am<\/p>\r\n                    <p>3:15 Pm<\/p>\r\n                    <p>5:00 Pm<\/p>\r\n                    <p> &nbsp;<\/p>\r\n                <\/div>\r\n            <\/div>\r\n\r\n        <\/div>\r\n        <div class=\"Saturday\">\r\n            <div>\r\n                <h5 class=\"my-text2\">SABADOS Y DOMINGOS<\/h5>\r\n            <\/div>\r\n            <div class=\"week-box week-box2\">\r\n                <div><h5 class=\"heading-1\">Quito - Mindo<\/h5><\/div>\r\n                <div><h5 class=\"heading-2\">Mindo - Quito<\/h5><\/div>\r\n            <\/div>\r\n            <div class=\"time-box\">\r\n                <div class=\"my-time my-time1\">\r\n                    <p>8:00 Am<\/p>\r\n                    <p>9:00 Am<\/p>\r\n                    <p>11:00 Am<\/p>\r\n                    <p>1:00 Pm<\/p>\r\n                    <p>4:00 Pm<\/p>\r\n                <\/div>\r\n                <div class=\"my-time my-time2\">\r\n                    <p>6:30 Am<\/p>\r\n                    <p>11:00 Am<\/p>\r\n                    <p>3:15 Pm<\/p>\r\n                    <p>4:00 Pm<\/p>\r\n                    <p>5:00 Pm<\/p>\r\n                <\/div>\r\n            <\/div>\r\n\r\n        <\/div>\r\n    <\/div>\t\t\t\t<\/div>\n\t\t\t\t<\/div>\n\t\t\t\t<\/div>\n\t\t\t\t<\/div>\n\t\t\t\t<\/div>\n\t\t<div class=\"elementor-element elementor-element-553f0bf9 e-con-full e-flex e-con e-parent\" data-id=\"553f0bf9\" data-element_type=\"container\" data-e-type=\"container\">\n\t\t<div class=\"elementor-element elementor-element-68843d78 e-con-full e-flex e-con e-child\" data-id=\"68843d78\" data-element_type=\"container\" data-e-type=\"container\" data-settings=\"{&quot;background_background&quot;:&quot;classic&quot;}\">\n\t\t\t\t<div class=\"elementor-element elementor-element-50377839 elementor-widget elementor-widget-heading\" data-id=\"50377839\" data-element_type=\"widget\" data-e-type=\"widget\" data-widget_type=\"heading.default\">\n\t\t\t\t<div class=\"elementor-widget-container\">\n\t\t\t\t\t<h2 class=\"elementor-heading-title elementor-size-default\">Carro privado<\/h2>\t\t\t\t<\/div>\n\t\t\t\t<\/div>\n\t\t\t\t<\/div>\n\t\t<div class=\"elementor-element elementor-element-39401329 e-con-full e-flex e-con e-child\" data-id=\"39401329\" data-element_type=\"container\" data-e-type=\"container\">\n\t\t<div class=\"elementor-element elementor-element-5df4bed0 e-con-full e-flex e-con e-child\" data-id=\"5df4bed0\" data-element_type=\"container\" data-e-type=\"container\" data-settings=\"{&quot;background_background&quot;:&quot;classic&quot;}\">\n\t\t\t\t<div class=\"elementor-element elementor-element-32f1dbb5 elementor-widget elementor-widget-heading\" data-id=\"32f1dbb5\" data-element_type=\"widget\" data-e-type=\"widget\" data-widget_type=\"heading.default\">\n\t\t\t\t<div class=\"elementor-widget-container\">\n\t\t\t\t\t<h2 class=\"elementor-heading-title elementor-size-default\">Si decides venir con tu propio coche:<\/h2>\t\t\t\t<\/div>\n\t\t\t\t<\/div>\n\t\t\t\t<div class=\"elementor-element elementor-element-69967908 elementor-widget elementor-widget-heading\" data-id=\"69967908\" data-element_type=\"widget\" data-e-type=\"widget\" data-widget_type=\"heading.default\">\n\t\t\t\t<div class=\"elementor-widget-container\">\n\t\t\t\t\t<h2 class=\"elementor-heading-title elementor-size-default\">Debes tomar la carretera en direcci\u00f3n a 'Mitad del Mundo' y continuar en direcci\u00f3n a 'San Miguel de los Bancos'. Pasando Nanegalito, ver\u00e1s un cartel para girar a la izquierda hacia Mindo. Una vez que est\u00e9s en Mindo, llegar al hotel es sencillo. Dir\u00edgete hacia al Tarabita y el Santuario de Cascadas, cruce el peque\u00f1o puente sobre el r\u00edo Mindo, luego contin\u00fae hacia el primer giro a la izquierda. Necesitas girar a la izquierda y contin\u00fae por 200 metros hasta llegar a nuestra entrada.<\/h2>\t\t\t\t<\/div>\n\t\t\t\t<\/div>\n\t\t\t\t<\/div>\n\t\t<div class=\"elementor-element elementor-element-7f897bbf e-con-full butt e-flex e-con e-child\" data-id=\"7f897bbf\" data-element_type=\"container\" data-e-type=\"container\">\n\t\t\t\t<div class=\"elementor-element elementor-element-19ecdf22 elementor-position-right elementor-vertical-align-middle elementor-widget__width-initial elementor-position-right elementor-widget elementor-widget-image-box\" data-id=\"19ecdf22\" data-element_type=\"widget\" data-e-type=\"widget\" data-widget_type=\"image-box.default\">\n\t\t\t\t<div class=\"elementor-widget-container\">\n\t\t\t\t\t<div class=\"elementor-image-box-wrapper\"><figure class=\"elementor-image-box-img\"><a href=\"https:\/\/www.google.com\/maps?ll=-0.062679,-78.769624&#038;z=15&#038;t=m&#038;hl=en-US&#038;gl=US&#038;mapclient=embed&#038;cid=4638833714396020125\" target=\"_blank\" tabindex=\"-1\" rel=\"noopener\"><img decoding=\"async\" width=\"78\" height=\"79\" src=\"https:\/\/www.lasterrazasdedana.com\/wp-content\/uploads\/2024\/07\/1.jpg\" class=\"attachment-full size-full wp-image-12450\" alt=\"\" title=\"\"><\/a><\/figure><div class=\"elementor-image-box-content\"><h3 class=\"elementor-image-box-title\"><a href=\"https:\/\/www.google.com\/maps?ll=-0.062679,-78.769624&#038;z=15&#038;t=m&#038;hl=en-US&#038;gl=US&#038;mapclient=embed&#038;cid=4638833714396020125\" target=\"_blank\" rel=\"noopener\">GOOGLE MAPS<\/a><\/h3><\/div><\/div>\t\t\t\t<\/div>\n\t\t\t\t<\/div>\n\t\t\t\t<div class=\"elementor-element elementor-element-7d951cc9 elementor-position-right elementor-vertical-align-middle elementor-widget__width-initial elementor-widget elementor-widget-image-box\" data-id=\"7d951cc9\" data-element_type=\"widget\" data-e-type=\"widget\" data-widget_type=\"image-box.default\">\n\t\t\t\t<div class=\"elementor-widget-container\">\n\t\t\t\t\t<div class=\"elementor-image-box-wrapper\"><figure class=\"elementor-image-box-img\"><a href=\"https:\/\/www.waze.com\/live-map\/directions\/las-terrazas-de-dana-lodge-via-a-las-cascadas-mindo?to=place.w.184289031.1843086922.3285570\" tabindex=\"-1\" target=\"_blank\" rel=\"noopener\"><img decoding=\"async\" width=\"78\" height=\"75\" src=\"https:\/\/www.lasterrazasdedana.com\/wp-content\/uploads\/2024\/07\/2.jpg\" class=\"attachment-full size-full wp-image-12452\" alt=\"\" title=\"\"><\/a><\/figure><div class=\"elementor-image-box-content\"><h3 class=\"elementor-image-box-title\"><a href=\"https:\/\/www.waze.com\/live-map\/directions\/las-terrazas-de-dana-lodge-via-a-las-cascadas-mindo?to=place.w.184289031.1843086922.3285570\" target=\"_blank\" rel=\"noopener\">WAZE<\/a><\/h3><\/div><\/div>\t\t\t\t<\/div>\n\t\t\t\t<\/div>\n\t\t\t\t<\/div>\n\t\t\t\t<\/div>\n\t\t\t\t<\/div>\n\t\t<div class=\"elementor-element elementor-element-668d108a e-flex e-con-boxed e-con e-parent\" data-id=\"668d108a\" data-element_type=\"container\" data-e-type=\"container\">\n\t\t\t\t\t<div class=\"e-con-inner\">\n\t\t<div class=\"elementor-element elementor-element-727a6a8 e-con-full e-flex e-con e-child\" data-id=\"727a6a8\" data-element_type=\"container\" data-e-type=\"container\">\n\t\t\t\t<div class=\"elementor-element elementor-element-679ffd9f elementor-widget elementor-widget-html\" data-id=\"679ffd9f\" data-element_type=\"widget\" data-e-type=\"widget\" data-widget_type=\"html.default\">\n\t\t\t\t<div class=\"elementor-widget-container\">\n\t\t\t\t\t<script class=\"kas_online_reception\" src=\"https:\/\/wubook.net\/js\/nebk\/bwidget.jgz\" data-wid=\"9b01c637-f8db-41ee-9448-0e46f68f28c3\"><\/script>\t\t\t\t<\/div>\n\t\t\t\t<\/div>\n\t\t\t\t<\/div>\n\t\t\t\t\t<\/div>\n\t\t\t\t<\/div>\n\t\t\t\t<\/div>\n\t\t","protected":false},"excerpt":{"rendered":"<p>Como llegar a Las Terrazas de Dana Boutique Lodge &#038; Spa NUESTRO LODGE est\u00e1 a solamente 1,2 km. (0,8 millas), desde Mindo, direcci\u00f3n a la Tarabita y al Santuario de Cascadas. Transporte privado Si decides venir en transporte organizado:\u200b Recomendamos contratar nuestro servicio de transporte, ya que colaboramos con conductores confiables de Mindo. Tarifa hasta [&hellip;]<\/p>\n","protected":false},"author":2,"featured_media":0,"parent":14035,"menu_order":0,"comment_status":"closed","ping_status":"closed","template":"elementor_header_footer","meta":{"footnotes":""},"class_list":["post-4575","page","type-page","status-publish","hentry"],"_links":{"self":[{"href":"https:\/\/www.lasterrazasdedana.com\/es\/wp-json\/wp\/v2\/pages\/4575","targetHints":{"allow":["GET"]}}],"collection":[{"href":"https:\/\/www.lasterrazasdedana.com\/es\/wp-json\/wp\/v2\/pages"}],"about":[{"href":"https:\/\/www.lasterrazasdedana.com\/es\/wp-json\/wp\/v2\/types\/page"}],"author":[{"embeddable":true,"href":"https:\/\/www.lasterrazasdedana.com\/es\/wp-json\/wp\/v2\/users\/2"}],"replies":[{"embeddable":true,"href":"https:\/\/www.lasterrazasdedana.com\/es\/wp-json\/wp\/v2\/comments?post=4575"}],"version-history":[{"count":85,"href":"https:\/\/www.lasterrazasdedana.com\/es\/wp-json\/wp\/v2\/pages\/4575\/revisions"}],"predecessor-version":[{"id":16700,"href":"https:\/\/www.lasterrazasdedana.com\/es\/wp-json\/wp\/v2\/pages\/4575\/revisions\/16700"}],"up":[{"embeddable":true,"href":"https:\/\/www.lasterrazasdedana.com\/es\/wp-json\/wp\/v2\/pages\/14035"}],"wp:attachment":[{"href":"https:\/\/www.lasterrazasdedana.com\/es\/wp-json\/wp\/v2\/media?parent=4575"}],"curies":[{"name":"wp","href":"https:\/\/api.w.org\/{rel}","templated":true}]}}