{"id":16659,"date":"2023-01-30T15:14:50","date_gmt":"2023-01-30T20:14:50","guid":{"rendered":"https:\/\/www.lasterrazasdedana.com\/merci\/"},"modified":"2025-07-10T17:02:32","modified_gmt":"2025-07-10T22:02:32","slug":"merci","status":"publish","type":"page","link":"https:\/\/www.lasterrazasdedana.com\/fr\/merci\/","title":{"rendered":"Merci"},"content":{"rendered":"\t\t<div data-elementor-type=\"wp-page\" data-elementor-id=\"16659\" class=\"elementor elementor-16659 elementor-8561\" data-elementor-post-type=\"page\">\n\t\t\t\t<div class=\"elementor-element elementor-element-ae48f13 e-con-full e-flex e-con e-parent\" data-id=\"ae48f13\" data-element_type=\"container\" data-e-type=\"container\">\n\t\t\t\t<div class=\"elementor-element elementor-element-780641e elementor-widget elementor-widget-image\" data-id=\"780641e\" data-element_type=\"widget\" data-e-type=\"widget\" data-widget_type=\"image.default\">\n\t\t\t\t<div class=\"elementor-widget-container\">\n\t\t\t\t\t\t\t\t\t\t\t\t\t\t\t<img fetchpriority=\"high\" decoding=\"async\" width=\"2000\" height=\"713\" src=\"https:\/\/www.lasterrazasdedana.com\/wp-content\/uploads\/2024\/08\/thank-you-home.jpg\" class=\"attachment-full size-full wp-image-16115\" alt=\"\" srcset=\"https:\/\/www.lasterrazasdedana.com\/wp-content\/uploads\/2024\/08\/thank-you-home.jpg 2000w, https:\/\/www.lasterrazasdedana.com\/wp-content\/uploads\/2024\/08\/thank-you-home-300x107.jpg 300w, https:\/\/www.lasterrazasdedana.com\/wp-content\/uploads\/2024\/08\/thank-you-home-1024x365.jpg 1024w, https:\/\/www.lasterrazasdedana.com\/wp-content\/uploads\/2024\/08\/thank-you-home-768x274.jpg 768w, https:\/\/www.lasterrazasdedana.com\/wp-content\/uploads\/2024\/08\/thank-you-home-1536x548.jpg 1536w\" sizes=\"(max-width: 2000px) 100vw, 2000px\" title=\"\">\t\t\t\t\t\t\t\t\t\t\t\t\t\t\t<\/div>\n\t\t\t\t<\/div>\n\t\t\t\t<\/div>\n\t\t<div class=\"elementor-element elementor-element-11f2122 e-con-full e-flex e-con e-parent\" data-id=\"11f2122\" data-element_type=\"container\" data-e-type=\"container\" data-settings=\"{&quot;background_background&quot;:&quot;classic&quot;}\">\n\t\t<div class=\"elementor-element elementor-element-d8cf1a0 e-con-full animated-slow e-flex elementor-invisible e-con e-child\" data-id=\"d8cf1a0\" data-element_type=\"container\" data-e-type=\"container\" data-settings=\"{&quot;background_background&quot;:&quot;classic&quot;,&quot;animation&quot;:&quot;fadeInUp&quot;}\">\n\t\t\t\t<div class=\"elementor-element elementor-element-433f8a6 elementor-widget elementor-widget-heading\" data-id=\"433f8a6\" data-element_type=\"widget\" data-e-type=\"widget\" data-widget_type=\"heading.default\">\n\t\t\t\t<div class=\"elementor-widget-container\">\n\t\t\t\t\t<h6 class=\"elementor-heading-title elementor-size-default\">Merci pour \u00eatre incroyable!<\/h6>\t\t\t\t<\/div>\n\t\t\t\t<\/div>\n\t\t\t\t<\/div>\n\t\t<div class=\"elementor-element elementor-element-2a58d7c e-con-full e-flex e-con e-child\" data-id=\"2a58d7c\" data-element_type=\"container\" data-e-type=\"container\" data-settings=\"{&quot;background_background&quot;:&quot;classic&quot;,&quot;animation&quot;:&quot;none&quot;}\">\n\t\t\t\t<div class=\"elementor-element elementor-element-8ffe89c elementor-icon-list--layout-inline elementor-align-center elementor-list-item-link-full_width elementor-widget elementor-widget-icon-list\" data-id=\"8ffe89c\" data-element_type=\"widget\" data-e-type=\"widget\" data-widget_type=\"icon-list.default\">\n\t\t\t\t<div class=\"elementor-widget-container\">\n\t\t\t\t\t\t\t<ul class=\"elementor-icon-list-items elementor-inline-items\">\n\t\t\t\t\t\t\t<li class=\"elementor-icon-list-item elementor-inline-item\">\n\t\t\t\t\t\t\t\t\t\t\t<span class=\"elementor-icon-list-icon\">\n\t\t\t\t\t\t\t<i aria-hidden=\"true\" class=\"far fa-check-circle\"><\/i>\t\t\t\t\t\t<\/span>\n\t\t\t\t\t\t\t\t\t\t<span class=\"elementor-icon-list-text\">soumis<\/span>\n\t\t\t\t\t\t\t\t\t<\/li>\n\t\t\t\t\t\t<\/ul>\n\t\t\t\t\t\t<\/div>\n\t\t\t\t<\/div>\n\t\t\t\t<div class=\"elementor-element elementor-element-bad8851 elementor-widget elementor-widget-text-editor\" data-id=\"bad8851\" data-element_type=\"widget\" data-e-type=\"widget\" data-widget_type=\"text-editor.default\">\n\t\t\t\t<div class=\"elementor-widget-container\">\n\t\t\t\t\t\t\t\t\t<span style=\"color: #d68b08;\">Merci!<\/span>\t\t\t\t\t\t\t\t<\/div>\n\t\t\t\t<\/div>\n\t\t\t\t<div class=\"elementor-element elementor-element-9ceb240 elementor-widget elementor-widget-text-editor\" data-id=\"9ceb240\" data-element_type=\"widget\" data-e-type=\"widget\" data-widget_type=\"text-editor.default\">\n\t\t\t\t<div class=\"elementor-widget-container\">\n\t\t\t\t\t\t\t\t\tNous vous contacterons prochainement!<br>Merci pour votre demande et au plaisir de vous compter parmi nous!<br><span style=\"color: #a67526;\">Si vous n&rsquo;avez pas de nos nouvelles sous 24 heures,<\/span> veuillez consulter votre dossier SPAM ou l&rsquo;onglet Promotions de votre messagerie Gmail.<br><span style=\"color: #a67526;\">N&rsquo;h\u00e9sitez pas \u00e0 renvoyer votre message sur WhatsApp.<i class=\"fab fa-whatsapp\" aria-hidden=\"true\"><\/i><\/span> \t\t\t\t\t\t\t\t<\/div>\n\t\t\t\t<\/div>\n\t\t\t\t<div class=\"elementor-element elementor-element-0eae184 elementor-align-center elementor-widget elementor-widget-button\" data-id=\"0eae184\" data-element_type=\"widget\" data-e-type=\"widget\" data-widget_type=\"button.default\">\n\t\t\t\t<div class=\"elementor-widget-container\">\n\t\t\t\t\t\t\t\t\t<div class=\"elementor-button-wrapper\">\n\t\t\t\t\t<a class=\"elementor-button elementor-button-link elementor-size-sm\" href=\"https:\/\/www.lasterrazasdedana.com\/faq\/\">\n\t\t\t\t\t\t<span class=\"elementor-button-content-wrapper\">\n\t\t\t\t\t\t\t\t\t<span class=\"elementor-button-text\">FAQ<\/span>\n\t\t\t\t\t<\/span>\n\t\t\t\t\t<\/a>\n\t\t\t\t<\/div>\n\t\t\t\t\t\t\t\t<\/div>\n\t\t\t\t<\/div>\n\t\t\t\t<div class=\"elementor-element elementor-element-8c8152e elementor-align-center elementor-widget elementor-widget-button\" data-id=\"8c8152e\" data-element_type=\"widget\" data-e-type=\"widget\" data-widget_type=\"button.default\">\n\t\t\t\t<div class=\"elementor-widget-container\">\n\t\t\t\t\t\t\t\t\t<div class=\"elementor-button-wrapper\">\n\t\t\t\t\t<a class=\"elementor-button elementor-button-link elementor-size-sm\" href=\"https:\/\/instagram.com\/lasterrazasdedana\/\" target=\"_blank\" rel=\"noopener\">\n\t\t\t\t\t\t<span class=\"elementor-button-content-wrapper\">\n\t\t\t\t\t\t\t\t\t<span class=\"elementor-button-text\">Instagram<\/span>\n\t\t\t\t\t<\/span>\n\t\t\t\t\t<\/a>\n\t\t\t\t<\/div>\n\t\t\t\t\t\t\t\t<\/div>\n\t\t\t\t<\/div>\n\t\t\t\t<div class=\"elementor-element elementor-element-dc81d88 elementor-widget elementor-widget-text-editor\" data-id=\"dc81d88\" data-element_type=\"widget\" data-e-type=\"widget\" data-widget_type=\"text-editor.default\">\n\t\t\t\t<div class=\"elementor-widget-container\">\n\t\t\t\t\t\t\t\t\tEn attendant, consultez notre FAQ et assurez-vous de nous suivre sur les r\u00e9seaux sociaux!\t\t\t\t\t\t\t\t<\/div>\n\t\t\t\t<\/div>\n\t\t\t\t<div class=\"elementor-element elementor-element-346995e elementor-widget elementor-widget-text-editor\" data-id=\"346995e\" data-element_type=\"widget\" data-e-type=\"widget\" data-widget_type=\"text-editor.default\">\n\t\t\t\t<div class=\"elementor-widget-container\">\n\t\t\t\t\t\t\t\t\tEn r\u00e9servant avec nous, vous b\u00e9n\u00e9ficiez du meilleur tarif disponible en ligne. N&rsquo;h\u00e9sitez pas \u00e0 nous contacter pour toute question concernant les activit\u00e9s \u00e0 Mindo. Nous ferons de votre s\u00e9jour une exp\u00e9rience inoubliable!\t\t\t\t\t\t\t\t<\/div>\n\t\t\t\t<\/div>\n\t\t\t\t<\/div>\n\t\t\t\t<\/div>\n\t\t\t\t<\/div>\n\t\t","protected":false},"excerpt":{"rendered":"<p>Merci pour \u00eatre incroyable! soumis Merci!Nous vous contacterons prochainement!Merci pour votre demande et au plaisir de vous compter parmi nous!Si vous n&rsquo;avez pas de nos nouvelles sous 24 heures, veuillez consulter votre dossier SPAM ou l&rsquo;onglet Promotions de votre messagerie Gmail.N&rsquo;h\u00e9sitez pas \u00e0 renvoyer votre message sur WhatsApp. FAQ Instagram En attendant, consultez notre FAQ [&hellip;]<\/p>\n","protected":false},"author":2,"featured_media":0,"parent":0,"menu_order":0,"comment_status":"closed","ping_status":"closed","template":"elementor_header_footer","meta":{"footnotes":""},"class_list":["post-16659","page","type-page","status-publish","hentry"],"_links":{"self":[{"href":"https:\/\/www.lasterrazasdedana.com\/fr\/wp-json\/wp\/v2\/pages\/16659","targetHints":{"allow":["GET"]}}],"collection":[{"href":"https:\/\/www.lasterrazasdedana.com\/fr\/wp-json\/wp\/v2\/pages"}],"about":[{"href":"https:\/\/www.lasterrazasdedana.com\/fr\/wp-json\/wp\/v2\/types\/page"}],"author":[{"embeddable":true,"href":"https:\/\/www.lasterrazasdedana.com\/fr\/wp-json\/wp\/v2\/users\/2"}],"replies":[{"embeddable":true,"href":"https:\/\/www.lasterrazasdedana.com\/fr\/wp-json\/wp\/v2\/comments?post=16659"}],"version-history":[{"count":16,"href":"https:\/\/www.lasterrazasdedana.com\/fr\/wp-json\/wp\/v2\/pages\/16659\/revisions"}],"predecessor-version":[{"id":16973,"href":"https:\/\/www.lasterrazasdedana.com\/fr\/wp-json\/wp\/v2\/pages\/16659\/revisions\/16973"}],"wp:attachment":[{"href":"https:\/\/www.lasterrazasdedana.com\/fr\/wp-json\/wp\/v2\/media?parent=16659"}],"curies":[{"name":"wp","href":"https:\/\/api.w.org\/{rel}","templated":true}]}}