{"id":16702,"date":"2024-01-11T14:46:51","date_gmt":"2024-01-11T19:46:51","guid":{"rendered":"https:\/\/www.lasterrazasdedana.com\/cuisine\/"},"modified":"2025-07-10T16:52:57","modified_gmt":"2025-07-10T21:52:57","slug":"restaurant-mindo","status":"publish","type":"page","link":"https:\/\/www.lasterrazasdedana.com\/fr\/restaurant-mindo\/","title":{"rendered":"Cuisine"},"content":{"rendered":"\t\t<div data-elementor-type=\"wp-page\" data-elementor-id=\"16702\" class=\"elementor elementor-16702 elementor-11321\" data-elementor-post-type=\"page\">\n\t\t\t\t<div class=\"elementor-element elementor-element-07ec76c e-con-full contact-sec1 e-flex e-con e-parent\" data-id=\"07ec76c\" data-element_type=\"container\" data-e-type=\"container\">\n\t\t\t\t<div class=\"elementor-element elementor-element-15874d2 elementor-widget elementor-widget-image\" data-id=\"15874d2\" data-element_type=\"widget\" data-e-type=\"widget\" data-widget_type=\"image.default\">\n\t\t\t\t<div class=\"elementor-widget-container\">\n\t\t\t\t\t\t\t\t\t\t\t\t\t\t\t<img fetchpriority=\"high\" decoding=\"async\" width=\"1920\" height=\"1080\" src=\"https:\/\/www.lasterrazasdedana.com\/wp-content\/uploads\/2025\/07\/brito-restaurante-main.jpg\" class=\"attachment-full size-full wp-image-16907\" alt=\"Brito Restaurante Mindo Ecuador\" srcset=\"https:\/\/www.lasterrazasdedana.com\/wp-content\/uploads\/2025\/07\/brito-restaurante-main.jpg 1920w, https:\/\/www.lasterrazasdedana.com\/wp-content\/uploads\/2025\/07\/brito-restaurante-main-300x169.jpg 300w, https:\/\/www.lasterrazasdedana.com\/wp-content\/uploads\/2025\/07\/brito-restaurante-main-1024x576.jpg 1024w, https:\/\/www.lasterrazasdedana.com\/wp-content\/uploads\/2025\/07\/brito-restaurante-main-768x432.jpg 768w, https:\/\/www.lasterrazasdedana.com\/wp-content\/uploads\/2025\/07\/brito-restaurante-main-1536x864.jpg 1536w\" sizes=\"(max-width: 1920px) 100vw, 1920px\" title=\"\">\t\t\t\t\t\t\t\t\t\t\t\t\t\t\t<\/div>\n\t\t\t\t<\/div>\n\t\t\t\t<\/div>\n\t\t<div class=\"elementor-element elementor-element-3f0ec16 e-con-full contact-sec2 e-flex e-con e-parent\" data-id=\"3f0ec16\" data-element_type=\"container\" data-e-type=\"container\" data-settings=\"{&quot;background_background&quot;:&quot;classic&quot;}\">\n\t\t<div class=\"elementor-element elementor-element-54bc33e e-con-full animated-slow e-flex elementor-invisible e-con e-child\" data-id=\"54bc33e\" data-element_type=\"container\" data-e-type=\"container\" data-settings=\"{&quot;background_background&quot;:&quot;classic&quot;,&quot;animation&quot;:&quot;fadeInUp&quot;}\">\n\t\t\t\t<div class=\"elementor-element elementor-element-e0b5f91 animated-slow elementor-widget elementor-widget-heading\" data-id=\"e0b5f91\" data-element_type=\"widget\" data-e-type=\"widget\" data-settings=\"{&quot;_animation&quot;:&quot;none&quot;}\" data-widget_type=\"heading.default\">\n\t\t\t\t<div class=\"elementor-widget-container\">\n\t\t\t\t\t<h2 class=\"elementor-heading-title elementor-size-default\">Exp\u00e9rience<br>Gourmet <\/h2>\t\t\t\t<\/div>\n\t\t\t\t<\/div>\n\t\t\t\t<\/div>\n\t\t<div class=\"elementor-element elementor-element-d16548c e-con-full e-flex e-con e-child\" data-id=\"d16548c\" data-element_type=\"container\" data-e-type=\"container\" data-settings=\"{&quot;background_background&quot;:&quot;classic&quot;,&quot;animation&quot;:&quot;none&quot;}\">\n\t\t\t\t<div class=\"elementor-element elementor-element-2e68858 elementor-widget elementor-widget-heading\" data-id=\"2e68858\" data-element_type=\"widget\" data-e-type=\"widget\" data-widget_type=\"heading.default\">\n\t\t\t\t<div class=\"elementor-widget-container\">\n\t\t\t\t\t<h1 class=\"elementor-heading-title elementor-size-default\">Fine Dining in Mindo \u2013 Brito Restaurante<\/h1>\t\t\t\t<\/div>\n\t\t\t\t<\/div>\n\t\t\t\t<div class=\"elementor-element elementor-element-ba19364 elementor-widget-divider--view-line elementor-widget elementor-widget-divider\" data-id=\"ba19364\" data-element_type=\"widget\" data-e-type=\"widget\" data-widget_type=\"divider.default\">\n\t\t\t\t<div class=\"elementor-widget-container\">\n\t\t\t\t\t\t\t<div class=\"elementor-divider\">\n\t\t\t<span class=\"elementor-divider-separator\">\n\t\t\t\t\t\t<\/span>\n\t\t<\/div>\n\t\t\t\t\t\t<\/div>\n\t\t\t\t<\/div>\n\t\t\t\t<div class=\"elementor-element elementor-element-1df1841 elementor-widget elementor-widget-text-editor\" data-id=\"1df1841\" data-element_type=\"widget\" data-e-type=\"widget\" data-widget_type=\"text-editor.default\">\n\t\t\t\t<div class=\"elementor-widget-container\">\n\t\t\t\t\t\t\t\t\tRejoignez-nous pour une aventure culinaire unique, situ\u00e9e au c\u0153ur de la for\u00eat nuageuse. D\u00e9couvrez un m\u00e9lange de cuisine nationale et internationale, \u00e9labor\u00e9e \u00e0 partir d&rsquo;ingr\u00e9dients locaux et pr\u00e9par\u00e9e par les talentueuses chefs Minde\u00f1as.<br>R\u00e9servations obligatoires.\t\t\t\t\t\t\t\t<\/div>\n\t\t\t\t<\/div>\n\t\t<div class=\"elementor-element elementor-element-01b6f85 e-con-full e-flex e-con e-child\" data-id=\"01b6f85\" data-element_type=\"container\" data-e-type=\"container\">\n\t\t\t\t<div class=\"elementor-element elementor-element-3b38df0 elementor-align-right elementor-mobile-align-center elementor-widget__width-auto elementor-widget elementor-widget-button\" data-id=\"3b38df0\" data-element_type=\"widget\" data-e-type=\"widget\" data-widget_type=\"button.default\">\n\t\t\t\t<div class=\"elementor-widget-container\">\n\t\t\t\t\t\t\t\t\t<div class=\"elementor-button-wrapper\">\n\t\t\t\t\t<a class=\"elementor-button elementor-button-link elementor-size-sm\" href=\"https:\/\/www.lasterrazasdedana.com\/RESTAURANT_MENU_EN.pdf\" target=\"_blank\">\n\t\t\t\t\t\t<span class=\"elementor-button-content-wrapper\">\n\t\t\t\t\t\t\t\t\t<span class=\"elementor-button-text\">menu<\/span>\n\t\t\t\t\t<\/span>\n\t\t\t\t\t<\/a>\n\t\t\t\t<\/div>\n\t\t\t\t\t\t\t\t<\/div>\n\t\t\t\t<\/div>\n\t\t\t\t<div class=\"elementor-element elementor-element-cbd696c elementor-align-right elementor-mobile-align-center elementor-widget__width-auto elementor-widget elementor-widget-button\" data-id=\"cbd696c\" data-element_type=\"widget\" data-e-type=\"widget\" data-widget_type=\"button.default\">\n\t\t\t\t<div class=\"elementor-widget-container\">\n\t\t\t\t\t\t\t\t\t<div class=\"elementor-button-wrapper\">\n\t\t\t\t\t<a class=\"elementor-button elementor-button-link elementor-size-sm\" href=\"#book-table-form\">\n\t\t\t\t\t\t<span class=\"elementor-button-content-wrapper\">\n\t\t\t\t\t\t\t\t\t<span class=\"elementor-button-text\">R\u00e9server une table<\/span>\n\t\t\t\t\t<\/span>\n\t\t\t\t\t<\/a>\n\t\t\t\t<\/div>\n\t\t\t\t\t\t\t\t<\/div>\n\t\t\t\t<\/div>\n\t\t\t\t<\/div>\n\t\t\t\t<div class=\"elementor-element elementor-element-b37f05e elementor-widget-divider--view-line elementor-widget elementor-widget-divider\" data-id=\"b37f05e\" data-element_type=\"widget\" data-e-type=\"widget\" data-widget_type=\"divider.default\">\n\t\t\t\t<div class=\"elementor-widget-container\">\n\t\t\t\t\t\t\t<div class=\"elementor-divider\">\n\t\t\t<span class=\"elementor-divider-separator\">\n\t\t\t\t\t\t<\/span>\n\t\t<\/div>\n\t\t\t\t\t\t<\/div>\n\t\t\t\t<\/div>\n\t\t\t\t<\/div>\n\t\t<div class=\"elementor-element elementor-element-2c1c93e e-con-full e-flex e-con e-child\" data-id=\"2c1c93e\" data-element_type=\"container\" data-e-type=\"container\" data-settings=\"{&quot;background_background&quot;:&quot;classic&quot;,&quot;animation&quot;:&quot;none&quot;}\">\n\t\t\t\t<div class=\"elementor-element elementor-element-6a6bfe1 elementor-widget__width-auto animated-slow elementor-invisible elementor-widget elementor-widget-text-editor\" data-id=\"6a6bfe1\" data-element_type=\"widget\" data-e-type=\"widget\" data-settings=\"{&quot;_animation&quot;:&quot;fadeInDown&quot;}\" data-widget_type=\"text-editor.default\">\n\t\t\t\t<div class=\"elementor-widget-container\">\n\t\t\t\t\t\t\t\t\t<p>Horaires d\u2019ouverture<br> Sur r\u00e9servation uniquement<br> D\u00e9jeuner<br> 12H30 \u2013 15H00<br> D\u00eener<br> 18H00 \u2013 21H00<\/p>\t\t\t\t\t\t\t\t<\/div>\n\t\t\t\t<\/div>\n\t\t\t\t<\/div>\n\t\t\t\t<\/div>\n\t\t<div class=\"elementor-element elementor-element-05f2d99 e-con-full contact-sec3 e-flex e-con e-parent\" data-id=\"05f2d99\" data-element_type=\"container\" data-e-type=\"container\" data-settings=\"{&quot;background_background&quot;:&quot;classic&quot;}\">\n\t\t<div class=\"elementor-element elementor-element-a35c169 e-con-full animated-slow e-flex elementor-invisible e-con e-child\" data-id=\"a35c169\" data-element_type=\"container\" data-e-type=\"container\" data-settings=\"{&quot;background_background&quot;:&quot;classic&quot;,&quot;animation&quot;:&quot;fadeInUp&quot;}\">\n\t\t\t\t<\/div>\n\t\t<div class=\"elementor-element elementor-element-04cb074 e-con-full animated-slow cuisine-mid-col e-flex e-con e-child\" data-id=\"04cb074\" data-element_type=\"container\" data-e-type=\"container\" data-settings=\"{&quot;background_background&quot;:&quot;classic&quot;,&quot;animation&quot;:&quot;none&quot;}\">\n\t\t\t\t<div class=\"elementor-element elementor-element-be14edd elementor-widget__width-inherit elementor-widget elementor-widget-image\" data-id=\"be14edd\" data-element_type=\"widget\" data-e-type=\"widget\" data-widget_type=\"image.default\">\n\t\t\t\t<div class=\"elementor-widget-container\">\n\t\t\t\t\t\t\t\t\t\t\t\t\t\t\t<img decoding=\"async\" width=\"853\" height=\"230\" src=\"https:\/\/www.lasterrazasdedana.com\/wp-content\/uploads\/2025\/07\/pressed-beef.jpg\" class=\"attachment-full size-full wp-image-16935\" alt=\"pressed beef Mindo Ecuador\" srcset=\"https:\/\/www.lasterrazasdedana.com\/wp-content\/uploads\/2025\/07\/pressed-beef.jpg 853w, https:\/\/www.lasterrazasdedana.com\/wp-content\/uploads\/2025\/07\/pressed-beef-300x81.jpg 300w, https:\/\/www.lasterrazasdedana.com\/wp-content\/uploads\/2025\/07\/pressed-beef-768x207.jpg 768w\" sizes=\"(max-width: 853px) 100vw, 853px\" title=\"\">\t\t\t\t\t\t\t\t\t\t\t\t\t\t\t<\/div>\n\t\t\t\t<\/div>\n\t\t\t\t<div class=\"elementor-element elementor-element-2275c1b elementor-widget elementor-widget-image\" data-id=\"2275c1b\" data-element_type=\"widget\" data-e-type=\"widget\" data-widget_type=\"image.default\">\n\t\t\t\t<div class=\"elementor-widget-container\">\n\t\t\t\t\t\t\t\t\t\t\t\t\t\t\t<img decoding=\"async\" width=\"280\" height=\"81\" src=\"https:\/\/www.lasterrazasdedana.com\/wp-content\/uploads\/2024\/07\/brito.png\" class=\"attachment-full size-full wp-image-13973\" alt=\"\" title=\"\">\t\t\t\t\t\t\t\t\t\t\t\t\t\t\t<\/div>\n\t\t\t\t<\/div>\n\t\t\t\t<div class=\"elementor-element elementor-element-1d51617 animated-slow elementor-absolute cuisine-big-hd elementor-invisible elementor-widget elementor-widget-heading\" data-id=\"1d51617\" data-element_type=\"widget\" data-e-type=\"widget\" data-settings=\"{&quot;_animation&quot;:&quot;fadeInLeft&quot;,&quot;_position&quot;:&quot;absolute&quot;}\" data-widget_type=\"heading.default\">\n\t\t\t\t<div class=\"elementor-widget-container\">\n\t\t\t\t\t<h2 class=\"elementor-heading-title elementor-size-default\">R\u00e9server<br>une<br>table<\/h2>\t\t\t\t<\/div>\n\t\t\t\t<\/div>\n\t\t\t\t<div class=\"elementor-element elementor-element-39ee004 elementor-button-align-end elementor-widget__width-initial animated-slow cuisine-form elementor-invisible elementor-widget elementor-widget-form\" data-id=\"39ee004\" data-element_type=\"widget\" data-e-type=\"widget\" id=\"book-table-form\" data-settings=\"{&quot;step_next_label&quot;:&quot;Suivant&quot;,&quot;step_previous_label&quot;:&quot;Pr\\u00e9c\\u00e9dent&quot;,&quot;_animation&quot;:&quot;fadeInRight&quot;,&quot;step_type&quot;:&quot;number_text&quot;,&quot;step_icon_shape&quot;:&quot;circle&quot;}\" data-widget_type=\"form.default\">\n\t\t\t\t<div class=\"elementor-widget-container\">\n\t\t\t\t\t\t\t<form class=\"elementor-form\" method=\"post\" name=\"Nouveau formulaire\" aria-label=\"Nouveau formulaire\">\n\t\t\t<input type=\"hidden\" name=\"post_id\" value=\"16702\"\/>\n\t\t\t<input type=\"hidden\" name=\"form_id\" value=\"39ee004\"\/>\n\t\t\t<input type=\"hidden\" name=\"referer_title\" value=\"\" \/>\n\n\t\t\t\n\t\t\t<div class=\"elementor-form-fields-wrapper elementor-labels-\">\n\t\t\t\t\t\t\t\t<div class=\"elementor-field-type-text elementor-field-group elementor-column elementor-field-group-name elementor-col-100\">\n\t\t\t\t\t\t\t\t\t\t\t\t\t<input size=\"1\" type=\"text\" name=\"form_fields[name]\" id=\"form-field-name\" class=\"elementor-field elementor-size-sm  elementor-field-textual\" placeholder=\"* pr\u00e9nom\">\n\t\t\t\t\t\t\t\t\t\t\t<\/div>\n\t\t\t\t\t\t\t\t<div class=\"elementor-field-type-email elementor-field-group elementor-column elementor-field-group-email elementor-col-100 elementor-field-required\">\n\t\t\t\t\t\t\t\t\t\t\t\t\t<input size=\"1\" type=\"email\" name=\"form_fields[email]\" id=\"form-field-email\" class=\"elementor-field elementor-size-sm  elementor-field-textual\" placeholder=\"* email\" required=\"required\">\n\t\t\t\t\t\t\t\t\t\t\t<\/div>\n\t\t\t\t\t\t\t\t<div class=\"elementor-field-type-number elementor-field-group elementor-column elementor-field-group-field_57a729b elementor-col-100\">\n\t\t\t\t\t\t\t\t<input type=\"number\" name=\"form_fields[field_57a729b]\" id=\"form-field-field_57a729b\" class=\"elementor-field elementor-size-sm  elementor-field-textual\" placeholder=\"*nombre d&#039;invit\u00e9s\" min=\"\" max=\"\" >\n\t\t\t\t\t\t<\/div>\n\t\t\t\t\t\t\t\t<div class=\"elementor-field-type-date elementor-field-group elementor-column elementor-field-group-field_ff203a0 elementor-col-100\">\n\t\t\t\t\t\n\t\t<input type=\"date\" name=\"form_fields[field_ff203a0]\" id=\"form-field-field_ff203a0\" class=\"elementor-field elementor-size-sm  elementor-field-textual elementor-date-field\" placeholder=\"* date\" pattern=\"[0-9]{4}-[0-9]{2}-[0-9]{2}\">\n\t\t\t\t\t\t<\/div>\n\t\t\t\t\t\t\t\t<div class=\"elementor-field-type-select elementor-field-group elementor-column elementor-field-group-field_a89fe23 elementor-col-100\">\n\t\t\t\t\t\t\t<div class=\"elementor-field elementor-select-wrapper remove-before \">\n\t\t\t<div class=\"select-caret-down-wrapper\">\n\t\t\t\t<i aria-hidden=\"true\" class=\"eicon-caret-down\"><\/i>\t\t\t<\/div>\n\t\t\t<select name=\"form_fields[field_a89fe23]\" id=\"form-field-field_a89fe23\" class=\"elementor-field-textual elementor-size-sm\">\n\t\t\t\t\t\t\t\t\t<option value=\"service\">service<\/option>\n\t\t\t\t\t\t\t\t\t<option value=\"12H30\">12H30<\/option>\n\t\t\t\t\t\t\t\t\t<option value=\"13H00\">13H00<\/option>\n\t\t\t\t\t\t\t\t\t<option value=\"13H30\">13H30<\/option>\n\t\t\t\t\t\t\t\t\t<option value=\"14H00\">14H00<\/option>\n\t\t\t\t\t\t\t\t\t<option value=\"18H30\">18H30<\/option>\n\t\t\t\t\t\t\t\t\t<option value=\"19H00\">19H00<\/option>\n\t\t\t\t\t\t\t\t\t<option value=\"19H30\">19H30<\/option>\n\t\t\t\t\t\t\t\t\t<option value=\"20H00\">20H00<\/option>\n\t\t\t\t\t\t\t<\/select>\n\t\t<\/div>\n\t\t\t\t\t\t<\/div>\n\t\t\t\t\t\t\t\t<div class=\"elementor-field-type-textarea elementor-field-group elementor-column elementor-field-group-message elementor-col-100\">\n\t\t\t\t\t<textarea class=\"elementor-field-textual elementor-field  elementor-size-sm\" name=\"form_fields[message]\" id=\"form-field-message\" rows=\"4\" placeholder=\"* notes \/ demandes \/ allergies\"><\/textarea>\t\t\t\t<\/div>\n\t\t\t\t\t\t\t\t<div class=\"elementor-field-type-recaptcha_v3 elementor-field-group elementor-column elementor-field-group-field_1 elementor-col-100 recaptcha_v3-bottomleft\">\n\t\t\t\t\t<div class=\"elementor-field\" id=\"form-field-field_1\"><div class=\"elementor-g-recaptcha\" data-sitekey=\"6Lf77NEUAAAAAI-gG1tj4rnVFBWIMQB0W_6vvPaA\" data-type=\"v3\" data-action=\"Form\" data-badge=\"bottomleft\" data-size=\"invisible\"><\/div><\/div>\t\t\t\t<\/div>\n\t\t\t\t\t\t\t\t<div class=\"elementor-field-group elementor-column elementor-field-type-submit elementor-col-100 e-form__buttons\">\n\t\t\t\t\t<button class=\"elementor-button elementor-size-md\" type=\"submit\">\n\t\t\t\t\t\t<span class=\"elementor-button-content-wrapper\">\n\t\t\t\t\t\t\t\t\t\t\t\t\t\t\t\t\t\t\t\t\t\t<span class=\"elementor-button-text\">ENVOYER<\/span>\n\t\t\t\t\t\t\t\t\t\t\t\t\t<\/span>\n\t\t\t\t\t<\/button>\n\t\t\t\t<\/div>\n\t\t\t<\/div>\n\t\t<\/form>\n\t\t\t\t\t\t<\/div>\n\t\t\t\t<\/div>\n\t\t\t\t<\/div>\n\t\t<div class=\"elementor-element elementor-element-dc4af4f e-con-full animated-slow cuisine-rgt-col elementor-hidden-mobile e-flex e-con e-child\" data-id=\"dc4af4f\" data-element_type=\"container\" data-e-type=\"container\" data-settings=\"{&quot;background_background&quot;:&quot;classic&quot;,&quot;animation&quot;:&quot;none&quot;}\">\n\t\t\t\t<div class=\"elementor-element elementor-element-8e00840 elementor-widget__width-inherit animated-slow elementor-invisible elementor-widget elementor-widget-image\" data-id=\"8e00840\" data-element_type=\"widget\" data-e-type=\"widget\" data-settings=\"{&quot;_animation&quot;:&quot;zoomIn&quot;}\" data-widget_type=\"image.default\">\n\t\t\t\t<div class=\"elementor-widget-container\">\n\t\t\t\t\t\t\t\t\t\t\t\t\t\t\t<img loading=\"lazy\" decoding=\"async\" width=\"500\" height=\"576\" src=\"https:\/\/www.lasterrazasdedana.com\/wp-content\/uploads\/2025\/07\/ceviche.jpg\" class=\"attachment-full size-full wp-image-16941\" alt=\"ceviche Mindo Ecuador\" srcset=\"https:\/\/www.lasterrazasdedana.com\/wp-content\/uploads\/2025\/07\/ceviche.jpg 500w, https:\/\/www.lasterrazasdedana.com\/wp-content\/uploads\/2025\/07\/ceviche-260x300.jpg 260w\" sizes=\"(max-width: 500px) 100vw, 500px\" title=\"\">\t\t\t\t\t\t\t\t\t\t\t\t\t\t\t<\/div>\n\t\t\t\t<\/div>\n\t\t\t\t<div class=\"elementor-element elementor-element-26f8f5a elementor-widget__width-inherit animated-slow elementor-invisible elementor-widget elementor-widget-image\" data-id=\"26f8f5a\" data-element_type=\"widget\" data-e-type=\"widget\" data-settings=\"{&quot;_animation&quot;:&quot;zoomIn&quot;}\" data-widget_type=\"image.default\">\n\t\t\t\t<div class=\"elementor-widget-container\">\n\t\t\t\t\t\t\t\t\t\t\t\t\t\t\t<img loading=\"lazy\" decoding=\"async\" width=\"500\" height=\"605\" src=\"https:\/\/www.lasterrazasdedana.com\/wp-content\/uploads\/2025\/07\/salad.jpg\" class=\"attachment-full size-full wp-image-16938\" alt=\"salad Mindo Ecuador\" srcset=\"https:\/\/www.lasterrazasdedana.com\/wp-content\/uploads\/2025\/07\/salad.jpg 500w, https:\/\/www.lasterrazasdedana.com\/wp-content\/uploads\/2025\/07\/salad-248x300.jpg 248w\" sizes=\"(max-width: 500px) 100vw, 500px\" title=\"\">\t\t\t\t\t\t\t\t\t\t\t\t\t\t\t<\/div>\n\t\t\t\t<\/div>\n\t\t\t\t<\/div>\n\t\t\t\t<\/div>\n\t\t<div class=\"elementor-element elementor-element-5a5f00e e-flex e-con-boxed e-con e-parent\" data-id=\"5a5f00e\" data-element_type=\"container\" data-e-type=\"container\">\n\t\t\t\t\t<div class=\"e-con-inner\">\n\t\t\t\t<div class=\"elementor-element elementor-element-299e7f6 elementor-widget elementor-widget-text-editor\" data-id=\"299e7f6\" data-element_type=\"widget\" data-e-type=\"widget\" data-widget_type=\"text-editor.default\">\n\t\t\t\t<div class=\"elementor-widget-container\">\n\t\t\t\t\t\t\t\t\t<p>Nous vous invitons \u00e0 d\u00e9couvrir le secret le mieux gard\u00e9 de la for\u00eat tropicale, l\u00e0 o\u00f9 les nuages rencontrent la cuisine. Vous pouvez maintenant nous rejoindre dans notre restaurant \u00e0 cuisine ouverte et d\u00e9couvrir la cuisine \u00e9quatorienne et internationale accompagn\u00e9e de milliers d\u2019esp\u00e8ces d\u2019oiseaux diff\u00e9rents.<\/p>\t\t\t\t\t\t\t\t<\/div>\n\t\t\t\t<\/div>\n\t\t\t\t\t<\/div>\n\t\t\t\t<\/div>\n\t\t\t\t<\/div>\n\t\t","protected":false},"excerpt":{"rendered":"<p>Exp\u00e9rienceGourmet Fine Dining in Mindo \u2013 Brito Restaurante Rejoignez-nous pour une aventure culinaire unique, situ\u00e9e au c\u0153ur de la for\u00eat nuageuse. D\u00e9couvrez un m\u00e9lange de cuisine nationale et internationale, \u00e9labor\u00e9e \u00e0 partir d&rsquo;ingr\u00e9dients locaux et pr\u00e9par\u00e9e par les talentueuses chefs Minde\u00f1as.R\u00e9servations obligatoires. menu R\u00e9server une table Horaires d\u2019ouverture Sur r\u00e9servation uniquement D\u00e9jeuner 12H30 \u2013 15H00 [&hellip;]<\/p>\n","protected":false},"author":2,"featured_media":16703,"parent":0,"menu_order":0,"comment_status":"closed","ping_status":"closed","template":"","meta":{"footnotes":""},"class_list":["post-16702","page","type-page","status-publish","has-post-thumbnail","hentry"],"_links":{"self":[{"href":"https:\/\/www.lasterrazasdedana.com\/fr\/wp-json\/wp\/v2\/pages\/16702","targetHints":{"allow":["GET"]}}],"collection":[{"href":"https:\/\/www.lasterrazasdedana.com\/fr\/wp-json\/wp\/v2\/pages"}],"about":[{"href":"https:\/\/www.lasterrazasdedana.com\/fr\/wp-json\/wp\/v2\/types\/page"}],"author":[{"embeddable":true,"href":"https:\/\/www.lasterrazasdedana.com\/fr\/wp-json\/wp\/v2\/users\/2"}],"replies":[{"embeddable":true,"href":"https:\/\/www.lasterrazasdedana.com\/fr\/wp-json\/wp\/v2\/comments?post=16702"}],"version-history":[{"count":28,"href":"https:\/\/www.lasterrazasdedana.com\/fr\/wp-json\/wp\/v2\/pages\/16702\/revisions"}],"predecessor-version":[{"id":16966,"href":"https:\/\/www.lasterrazasdedana.com\/fr\/wp-json\/wp\/v2\/pages\/16702\/revisions\/16966"}],"wp:featuredmedia":[{"embeddable":true,"href":"https:\/\/www.lasterrazasdedana.com\/fr\/wp-json\/wp\/v2\/media\/16703"}],"wp:attachment":[{"href":"https:\/\/www.lasterrazasdedana.com\/fr\/wp-json\/wp\/v2\/media?parent=16702"}],"curies":[{"name":"wp","href":"https:\/\/api.w.org\/{rel}","templated":true}]}}