{"id":16849,"date":"2018-06-03T11:16:56","date_gmt":"2018-06-03T16:16:56","guid":{"rendered":"https:\/\/www.lasterrazasdedana.com\/contact-las-terrazas-de-dana\/"},"modified":"2025-07-10T17:01:23","modified_gmt":"2025-07-10T22:01:23","slug":"contact-las-terrazas-de-dana","status":"publish","type":"page","link":"https:\/\/www.lasterrazasdedana.com\/fr\/contact-las-terrazas-de-dana\/","title":{"rendered":"Contact | Las Terrazas de Dana"},"content":{"rendered":"\t\t<div data-elementor-type=\"wp-post\" data-elementor-id=\"16849\" class=\"elementor elementor-16849 elementor-4232\" data-elementor-post-type=\"page\">\n\t\t\t\t<div class=\"elementor-element elementor-element-b1a8124 e-con-full contact-sec1 e-flex e-con e-parent\" data-id=\"b1a8124\" data-element_type=\"container\" data-e-type=\"container\">\n\t\t\t\t<div class=\"elementor-element elementor-element-cd5c287 elementor-widget elementor-widget-image\" data-id=\"cd5c287\" data-element_type=\"widget\" data-e-type=\"widget\" data-widget_type=\"image.default\">\n\t\t\t\t<div class=\"elementor-widget-container\">\n\t\t\t\t\t\t\t\t\t\t\t\t\t\t\t<img fetchpriority=\"high\" decoding=\"async\" width=\"1600\" height=\"566\" src=\"https:\/\/www.lasterrazasdedana.com\/wp-content\/uploads\/2024\/07\/mindo-contact-header-3.jpg\" class=\"attachment-full size-full wp-image-13935\" alt=\"\" srcset=\"https:\/\/www.lasterrazasdedana.com\/wp-content\/uploads\/2024\/07\/mindo-contact-header-3.jpg 1600w, https:\/\/www.lasterrazasdedana.com\/wp-content\/uploads\/2024\/07\/mindo-contact-header-3-300x106.jpg 300w, https:\/\/www.lasterrazasdedana.com\/wp-content\/uploads\/2024\/07\/mindo-contact-header-3-1024x362.jpg 1024w, https:\/\/www.lasterrazasdedana.com\/wp-content\/uploads\/2024\/07\/mindo-contact-header-3-768x272.jpg 768w, https:\/\/www.lasterrazasdedana.com\/wp-content\/uploads\/2024\/07\/mindo-contact-header-3-1536x543.jpg 1536w\" sizes=\"(max-width: 1600px) 100vw, 1600px\" title=\"\">\t\t\t\t\t\t\t\t\t\t\t\t\t\t\t<\/div>\n\t\t\t\t<\/div>\n\t\t\t\t<\/div>\n\t\t<div class=\"elementor-element elementor-element-5f1db55 e-con-full contact-sec2 e-flex e-con e-parent\" data-id=\"5f1db55\" data-element_type=\"container\" data-e-type=\"container\" data-settings=\"{&quot;background_background&quot;:&quot;classic&quot;}\">\n\t\t<div class=\"elementor-element elementor-element-7036142 e-con-full animated-slow e-flex elementor-invisible e-con e-child\" data-id=\"7036142\" data-element_type=\"container\" data-e-type=\"container\" data-settings=\"{&quot;background_background&quot;:&quot;classic&quot;,&quot;animation&quot;:&quot;fadeInUp&quot;}\">\n\t\t\t\t<div class=\"elementor-element elementor-element-c7dbfdd animated-slow elementor-widget elementor-widget-heading\" data-id=\"c7dbfdd\" data-element_type=\"widget\" data-e-type=\"widget\" data-settings=\"{&quot;_animation&quot;:&quot;none&quot;}\" data-widget_type=\"heading.default\">\n\t\t\t\t<div class=\"elementor-widget-container\">\n\t\t\t\t\t<h2 class=\"elementor-heading-title elementor-size-default\">Contacts<\/h2>\t\t\t\t<\/div>\n\t\t\t\t<\/div>\n\t\t\t\t<\/div>\n\t\t<div class=\"elementor-element elementor-element-c1d864e e-con-full e-flex e-con e-child\" data-id=\"c1d864e\" data-element_type=\"container\" data-e-type=\"container\" data-settings=\"{&quot;background_background&quot;:&quot;classic&quot;,&quot;animation&quot;:&quot;none&quot;}\">\n\t\t\t\t<div class=\"elementor-element elementor-element-3490486 elementor-widget__width-auto elementor-widget elementor-widget-heading\" data-id=\"3490486\" data-element_type=\"widget\" data-e-type=\"widget\" data-widget_type=\"heading.default\">\n\t\t\t\t<div class=\"elementor-widget-container\">\n\t\t\t\t\t<h2 class=\"elementor-heading-title elementor-size-default\">Prendre<br>contact<\/h2>\t\t\t\t<\/div>\n\t\t\t\t<\/div>\n\t\t\t\t<div class=\"elementor-element elementor-element-32e9938 elementor-widget__width-auto elementor-widget elementor-widget-text-editor\" data-id=\"32e9938\" data-element_type=\"widget\" data-e-type=\"widget\" data-widget_type=\"text-editor.default\">\n\t\t\t\t<div class=\"elementor-widget-container\">\n\t\t\t\t\t\t\t\t\t<p>LAS TERRAZAS DE DANA<br>BOUTIQUE LODGE &amp; SPA<br>Via a Las cascadas Km 1.2<br>+593-939565819<br>info@lasterrazasdedana.com<br>Mindo FORET NUAGEUSE- EQUATEUR<\/p>\t\t\t\t\t\t\t\t<\/div>\n\t\t\t\t<\/div>\n\t\t\t\t<\/div>\n\t\t\t\t<\/div>\n\t\t<div class=\"elementor-element elementor-element-44c60f0 e-con-full contact-sec3 e-flex e-con e-parent\" data-id=\"44c60f0\" data-element_type=\"container\" data-e-type=\"container\" data-settings=\"{&quot;background_background&quot;:&quot;classic&quot;}\">\n\t\t<div class=\"elementor-element elementor-element-6bd585b e-con-full animated-slow e-flex elementor-invisible e-con e-child\" data-id=\"6bd585b\" data-element_type=\"container\" data-e-type=\"container\" data-settings=\"{&quot;background_background&quot;:&quot;classic&quot;,&quot;animation&quot;:&quot;fadeInUp&quot;}\">\n\t\t\t\t<\/div>\n\t\t<div class=\"elementor-element elementor-element-4f3dc8c e-con-full animated-slow e-flex e-con e-child\" data-id=\"4f3dc8c\" data-element_type=\"container\" data-e-type=\"container\" data-settings=\"{&quot;background_background&quot;:&quot;classic&quot;,&quot;animation&quot;:&quot;none&quot;}\">\n\t\t\t\t<div class=\"elementor-element elementor-element-7199eea elementor-widget__width-auto animated-slow elementor-invisible elementor-widget elementor-widget-heading\" data-id=\"7199eea\" data-element_type=\"widget\" data-e-type=\"widget\" data-settings=\"{&quot;_animation&quot;:&quot;fadeInUp&quot;}\" data-widget_type=\"heading.default\">\n\t\t\t\t<div class=\"elementor-widget-container\">\n\t\t\t\t\t<h2 class=\"elementor-heading-title elementor-size-default\">Info<\/h2>\t\t\t\t<\/div>\n\t\t\t\t<\/div>\n\t\t\t\t<div class=\"elementor-element elementor-element-f124e99 elementor-button-align-end elementor-widget__width-initial animated-slow elementor-invisible elementor-widget elementor-widget-form\" data-id=\"f124e99\" data-element_type=\"widget\" data-e-type=\"widget\" data-settings=\"{&quot;step_next_label&quot;:&quot;Suivant&quot;,&quot;step_previous_label&quot;:&quot;Pr\\u00e9c\\u00e9dent&quot;,&quot;_animation&quot;:&quot;fadeInRight&quot;,&quot;step_type&quot;:&quot;number_text&quot;,&quot;step_icon_shape&quot;:&quot;circle&quot;}\" data-widget_type=\"form.default\">\n\t\t\t\t<div class=\"elementor-widget-container\">\n\t\t\t\t\t\t\t<form class=\"elementor-form\" method=\"post\" name=\"Nouveau formulaire\" aria-label=\"Nouveau formulaire\">\n\t\t\t<input type=\"hidden\" name=\"post_id\" value=\"16849\"\/>\n\t\t\t<input type=\"hidden\" name=\"form_id\" value=\"f124e99\"\/>\n\t\t\t<input type=\"hidden\" name=\"referer_title\" value=\"\" \/>\n\n\t\t\t\n\t\t\t<div class=\"elementor-form-fields-wrapper elementor-labels-\">\n\t\t\t\t\t\t\t\t<div class=\"elementor-field-type-text elementor-field-group elementor-column elementor-field-group-name elementor-col-100\">\n\t\t\t\t\t\t\t\t\t\t\t\t\t<input size=\"1\" type=\"text\" name=\"form_fields[name]\" id=\"form-field-name\" class=\"elementor-field elementor-size-sm  elementor-field-textual\" placeholder=\"* pr\u00e9nom\">\n\t\t\t\t\t\t\t\t\t\t\t<\/div>\n\t\t\t\t\t\t\t\t<div class=\"elementor-field-type-text elementor-field-group elementor-column elementor-field-group-field_57a729b elementor-col-100\">\n\t\t\t\t\t\t\t\t\t\t\t\t\t<input size=\"1\" type=\"text\" name=\"form_fields[field_57a729b]\" id=\"form-field-field_57a729b\" class=\"elementor-field elementor-size-sm  elementor-field-textual\" placeholder=\"* nom\">\n\t\t\t\t\t\t\t\t\t\t\t<\/div>\n\t\t\t\t\t\t\t\t<div class=\"elementor-field-type-email elementor-field-group elementor-column elementor-field-group-email elementor-col-100 elementor-field-required\">\n\t\t\t\t\t\t\t\t\t\t\t\t\t<input size=\"1\" type=\"email\" name=\"form_fields[email]\" id=\"form-field-email\" class=\"elementor-field elementor-size-sm  elementor-field-textual\" placeholder=\"* email\" required=\"required\">\n\t\t\t\t\t\t\t\t\t\t\t<\/div>\n\t\t\t\t\t\t\t\t<div class=\"elementor-field-type-tel elementor-field-group elementor-column elementor-field-group-field_ff203a0 elementor-col-100\">\n\t\t\t\t\t\t\t<input size=\"1\" type=\"tel\" name=\"form_fields[field_ff203a0]\" id=\"form-field-field_ff203a0\" class=\"elementor-field elementor-size-sm  elementor-field-textual\" placeholder=\"* t\u00e9l\u00e9phone\" pattern=\"[0-9()#&amp;+*-=.]+\" title=\"Seuls les caract\u00e8res de num\u00e9ros de t\u00e9l\u00e9phone (#, -, *, etc.) sont accept\u00e9s.\">\n\n\t\t\t\t\t\t<\/div>\n\t\t\t\t\t\t\t\t<div class=\"elementor-field-type-textarea elementor-field-group elementor-column elementor-field-group-message elementor-col-100\">\n\t\t\t\t\t<textarea class=\"elementor-field-textual elementor-field  elementor-size-sm\" name=\"form_fields[message]\" id=\"form-field-message\" rows=\"4\" placeholder=\"* message\"><\/textarea>\t\t\t\t<\/div>\n\t\t\t\t\t\t\t\t<div class=\"elementor-field-type-recaptcha_v3 elementor-field-group elementor-column elementor-field-group-field_1 elementor-col-100 recaptcha_v3-bottomleft\">\n\t\t\t\t\t<div class=\"elementor-field\" id=\"form-field-field_1\"><div class=\"elementor-g-recaptcha\" data-sitekey=\"6Lf77NEUAAAAAI-gG1tj4rnVFBWIMQB0W_6vvPaA\" data-type=\"v3\" data-action=\"Form\" data-badge=\"bottomleft\" data-size=\"invisible\"><\/div><\/div>\t\t\t\t<\/div>\n\t\t\t\t\t\t\t\t<div class=\"elementor-field-group elementor-column elementor-field-type-submit elementor-col-100 e-form__buttons\">\n\t\t\t\t\t<button class=\"elementor-button elementor-size-md\" type=\"submit\">\n\t\t\t\t\t\t<span class=\"elementor-button-content-wrapper\">\n\t\t\t\t\t\t\t\t\t\t\t\t\t\t\t\t\t\t\t\t\t\t<span class=\"elementor-button-text\">ENVOYER<\/span>\n\t\t\t\t\t\t\t\t\t\t\t\t\t<\/span>\n\t\t\t\t\t<\/button>\n\t\t\t\t<\/div>\n\t\t\t<\/div>\n\t\t<\/form>\n\t\t\t\t\t\t<\/div>\n\t\t\t\t<\/div>\n\t\t\t\t<\/div>\n\t\t\t\t<\/div>\n\t\t<div class=\"elementor-element elementor-element-c08e35c e-con-full contact-sec3 e-flex e-con e-parent\" data-id=\"c08e35c\" data-element_type=\"container\" data-e-type=\"container\" data-settings=\"{&quot;background_background&quot;:&quot;classic&quot;}\">\n\t\t<div class=\"elementor-element elementor-element-d80a339 e-con-full animated-slow e-flex elementor-invisible e-con e-child\" data-id=\"d80a339\" data-element_type=\"container\" data-e-type=\"container\" data-settings=\"{&quot;background_background&quot;:&quot;classic&quot;,&quot;animation&quot;:&quot;fadeInUp&quot;}\">\n\t\t\t\t<\/div>\n\t\t<div class=\"elementor-element elementor-element-9718471 e-con-full e-flex e-con e-child\" data-id=\"9718471\" data-element_type=\"container\" data-e-type=\"container\" data-settings=\"{&quot;background_background&quot;:&quot;classic&quot;,&quot;animation&quot;:&quot;none&quot;}\">\n\t\t\t\t<div class=\"elementor-element elementor-element-2ad2fec animated-slow elementor-invisible elementor-widget elementor-widget-google_maps\" data-id=\"2ad2fec\" data-element_type=\"widget\" data-e-type=\"widget\" data-settings=\"{&quot;_animation&quot;:&quot;fadeInRight&quot;}\" data-widget_type=\"google_maps.default\">\n\t\t\t\t<div class=\"elementor-widget-container\">\n\t\t\t\t\t\t\t<div class=\"elementor-custom-embed\">\n\t\t\t<iframe loading=\"lazy\"\n\t\t\t\t\tsrc=\"https:\/\/maps.google.com\/maps?q=Las%20Terrazas%20de%20Dana&#038;t=m&#038;z=10&#038;output=embed&#038;iwloc=near\"\n\t\t\t\t\ttitle=\"Las Terrazas de Dana\"\n\t\t\t\t\taria-label=\"Las Terrazas de Dana\"\n\t\t\t><\/iframe>\n\t\t<\/div>\n\t\t\t\t\t\t<\/div>\n\t\t\t\t<\/div>\n\t\t\t\t<\/div>\n\t\t\t\t<\/div>\n\t\t<div class=\"elementor-element elementor-element-c748b04 e-con-full contact-sec3 e-flex e-con e-parent\" data-id=\"c748b04\" data-element_type=\"container\" data-e-type=\"container\" data-settings=\"{&quot;background_background&quot;:&quot;classic&quot;}\">\n\t\t<div class=\"elementor-element elementor-element-d55b2bb e-con-full animated-slow e-flex elementor-invisible e-con e-child\" data-id=\"d55b2bb\" data-element_type=\"container\" data-e-type=\"container\" data-settings=\"{&quot;background_background&quot;:&quot;classic&quot;,&quot;animation&quot;:&quot;fadeInUp&quot;}\">\n\t\t\t\t<\/div>\n\t\t<div class=\"elementor-element elementor-element-c949181 e-con-full e-flex e-con e-child\" data-id=\"c949181\" data-element_type=\"container\" data-e-type=\"container\" data-settings=\"{&quot;background_background&quot;:&quot;classic&quot;,&quot;animation&quot;:&quot;none&quot;}\">\n\t\t\t\t<div class=\"elementor-element elementor-element-d654ed3 elementor-widget__width-inherit animated-slow elementor-invisible elementor-widget elementor-widget-heading\" data-id=\"d654ed3\" data-element_type=\"widget\" data-e-type=\"widget\" data-settings=\"{&quot;_animation&quot;:&quot;fadeInLeft&quot;}\" data-widget_type=\"heading.default\">\n\t\t\t\t<div class=\"elementor-widget-container\">\n\t\t\t\t\t<h4 class=\"elementor-heading-title elementor-size-default\">Nous contacter<\/h4>\t\t\t\t<\/div>\n\t\t\t\t<\/div>\n\t\t\t\t<div class=\"elementor-element elementor-element-7e4040c animated-slow elementor-invisible elementor-widget elementor-widget-text-editor\" data-id=\"7e4040c\" data-element_type=\"widget\" data-e-type=\"widget\" data-settings=\"{&quot;_animation&quot;:&quot;fadeInLeft&quot;}\" data-widget_type=\"text-editor.default\">\n\t\t\t\t<div class=\"elementor-widget-container\">\n\t\t\t\t\t\t\t\t\t<p class=\"cvGsUA direction-ltr align-justify para-style-body\"><span class=\"OYPEnA font-feature-liga-off font-feature-clig-off font-feature-calt-off text-decoration-none text-strikethrough-none\">\u00c0 Las Terrazas de Dana Boutique Lodge &amp; Spa, vos demandes et vos commentaires sont importants pour nous. Nous sommes ravis de r\u00e9pondre \u00e0 toutes vos questions afin que votre exp\u00e9rience avec nous soit transparente et agr\u00e9able. <\/span><\/p>\t\t\t\t\t\t\t\t<\/div>\n\t\t\t\t<\/div>\n\t\t\t\t<div class=\"elementor-element elementor-element-4ca849c animated-slow elementor-invisible elementor-widget elementor-widget-text-editor\" data-id=\"4ca849c\" data-element_type=\"widget\" data-e-type=\"widget\" data-settings=\"{&quot;_animation&quot;:&quot;fadeInLeft&quot;}\" data-widget_type=\"text-editor.default\">\n\t\t\t\t<div class=\"elementor-widget-container\">\n\t\t\t\t\t\t\t\t\t<p class=\"cvGsUA direction-ltr align-justify para-style-body\">N\u2019h\u00e9sitez pas \u00e0 nous contacter via les canaux suivants :<\/p>\t\t\t\t\t\t\t\t<\/div>\n\t\t\t\t<\/div>\n\t\t\t\t<div class=\"elementor-element elementor-element-3fda081 elementor-widget__width-inherit animated-slow elementor-invisible elementor-widget elementor-widget-heading\" data-id=\"3fda081\" data-element_type=\"widget\" data-e-type=\"widget\" data-settings=\"{&quot;_animation&quot;:&quot;fadeInLeft&quot;}\" data-widget_type=\"heading.default\">\n\t\t\t\t<div class=\"elementor-widget-container\">\n\t\t\t\t\t<h4 class=\"elementor-heading-title elementor-size-default\">T\u00e9l\u00e9phone:<\/h4>\t\t\t\t<\/div>\n\t\t\t\t<\/div>\n\t\t\t\t<div class=\"elementor-element elementor-element-51ef084 animated-slow elementor-invisible elementor-widget elementor-widget-text-editor\" data-id=\"51ef084\" data-element_type=\"widget\" data-e-type=\"widget\" data-settings=\"{&quot;_animation&quot;:&quot;fadeInLeft&quot;}\" data-widget_type=\"text-editor.default\">\n\t\t\t\t<div class=\"elementor-widget-container\">\n\t\t\t\t\t\t\t\t\t<p class=\"cvGsUA direction-ltr align-justify para-style-body\">Si vous pr\u00e9f\u00e9rez la touche personnelle, vous pouvez nous contacter directement au +593 93 956 5819. Notre personnel amical est pr\u00eat \u00e0 vous aider et \u00e0 vous fournir des informations sur notre lodge et notre spa, situ\u00e9s au c\u0153ur de la for\u00eat nuageuse de Mindo. <\/p>\t\t\t\t\t\t\t\t<\/div>\n\t\t\t\t<\/div>\n\t\t\t\t<div class=\"elementor-element elementor-element-5e5a2a6 elementor-widget__width-inherit animated-slow elementor-invisible elementor-widget elementor-widget-text-editor\" data-id=\"5e5a2a6\" data-element_type=\"widget\" data-e-type=\"widget\" data-settings=\"{&quot;_animation&quot;:&quot;fadeInLeft&quot;}\" data-widget_type=\"text-editor.default\">\n\t\t\t\t<div class=\"elementor-widget-container\">\n\t\t\t\t\t\t\t\t\t<p class=\"cvGsUA direction-ltr align-justify para-style-body\">WhatsApp &amp; SMS Text:<\/p>\t\t\t\t\t\t\t\t<\/div>\n\t\t\t\t<\/div>\n\t\t\t\t<div class=\"elementor-element elementor-element-c91af78 animated-slow elementor-invisible elementor-widget elementor-widget-text-editor\" data-id=\"c91af78\" data-element_type=\"widget\" data-e-type=\"widget\" data-settings=\"{&quot;_animation&quot;:&quot;fadeInLeft&quot;}\" data-widget_type=\"text-editor.default\">\n\t\t\t\t<div class=\"elementor-widget-container\">\n\t\t\t\t\t\t\t\t\t<p class=\"cvGsUA direction-ltr align-justify para-style-body\">Pour plus de commodit\u00e9, nous sommes \u00e9galement disponibles sur WhatsApp et par SMS au +593 93 956 5819. Que vous ayez une question rapide ou que vous ayez besoin d\u2019aide pour vos r\u00e9servations, nous sommes \u00e0 port\u00e9e d\u2019un message. Notre \u00e9quipe vous r\u00e9pondra rapidement et avec courtoisie.  <\/p>\t\t\t\t\t\t\t\t<\/div>\n\t\t\t\t<\/div>\n\t\t\t\t<div class=\"elementor-element elementor-element-8bbf183 elementor-widget__width-inherit animated-slow elementor-invisible elementor-widget elementor-widget-heading\" data-id=\"8bbf183\" data-element_type=\"widget\" data-e-type=\"widget\" data-settings=\"{&quot;_animation&quot;:&quot;fadeInLeft&quot;}\" data-widget_type=\"heading.default\">\n\t\t\t\t<div class=\"elementor-widget-container\">\n\t\t\t\t\t<h4 class=\"elementor-heading-title elementor-size-default\">Email:<\/h4>\t\t\t\t<\/div>\n\t\t\t\t<\/div>\n\t\t\t\t<div class=\"elementor-element elementor-element-278b80c animated-slow elementor-invisible elementor-widget elementor-widget-text-editor\" data-id=\"278b80c\" data-element_type=\"widget\" data-e-type=\"widget\" data-settings=\"{&quot;_animation&quot;:&quot;fadeInLeft&quot;}\" data-widget_type=\"text-editor.default\">\n\t\t\t\t<div class=\"elementor-widget-container\">\n\t\t\t\t\t\t\t\t\t<p class=\"cvGsUA direction-ltr align-justify para-style-body\">Pour des demandes d\u00e9taill\u00e9es ou si vous pr\u00e9f\u00e9rez la communication \u00e9crite, vous pouvez sans h\u00e9siter nous envoyer un courriel \u00e0 info@lasterrazasdedana.com. Notre \u00e9quipe d\u00e9vou\u00e9e r\u00e9pondra avec diligence \u00e0 vos questions, commentaires ou pr\u00e9occupations et vous fournira toutes les informations dont vous avez besoin. <\/p>\t\t\t\t\t\t\t\t<\/div>\n\t\t\t\t<\/div>\n\t\t\t\t<div class=\"elementor-element elementor-element-f003c6b elementor-widget__width-inherit animated-slow elementor-invisible elementor-widget elementor-widget-heading\" data-id=\"f003c6b\" data-element_type=\"widget\" data-e-type=\"widget\" data-settings=\"{&quot;_animation&quot;:&quot;fadeInLeft&quot;}\" data-widget_type=\"heading.default\">\n\t\t\t\t<div class=\"elementor-widget-container\">\n\t\t\t\t\t<h4 class=\"elementor-heading-title elementor-size-default\">Nos coordonn\u00e9es:<\/h4>\t\t\t\t<\/div>\n\t\t\t\t<\/div>\n\t\t\t\t<div class=\"elementor-element elementor-element-16d5f18 animated-slow elementor-invisible elementor-widget elementor-widget-text-editor\" data-id=\"16d5f18\" data-element_type=\"widget\" data-e-type=\"widget\" data-settings=\"{&quot;_animation&quot;:&quot;fadeInLeft&quot;}\" data-widget_type=\"text-editor.default\">\n\t\t\t\t<div class=\"elementor-widget-container\">\n\t\t\t\t\t\t\t\t\t<p class=\"cvGsUA direction-ltr align-justify para-style-body\">Veuillez noter que si vous ne recevez pas de r\u00e9ponse imm\u00e9diate, il se peut que nous soyons en train d\u2019explorer les sentiers enchanteurs de la for\u00eat nuageuse de Mindo. Comme nous donnons la priorit\u00e9 \u00e0 la beaut\u00e9 naturelle qui entoure notre lodge et notre spa, il se peut que nous soyons temporairement d\u00e9connect\u00e9s. Soyez assur\u00e9 que nous appr\u00e9cions votre demande et que nous vous r\u00e9pondrons d\u00e8s que possible.  <\/p>\t\t\t\t\t\t\t\t<\/div>\n\t\t\t\t<\/div>\n\t\t\t\t<div class=\"elementor-element elementor-element-74e8fb2 elementor-widget__width-inherit animated-slow elementor-invisible elementor-widget elementor-widget-heading\" data-id=\"74e8fb2\" data-element_type=\"widget\" data-e-type=\"widget\" data-settings=\"{&quot;_animation&quot;:&quot;fadeInLeft&quot;}\" data-widget_type=\"heading.default\">\n\t\t\t\t<div class=\"elementor-widget-container\">\n\t\t\t\t\t<h4 class=\"elementor-heading-title elementor-size-default\">Visitez-nous:<\/h4>\t\t\t\t<\/div>\n\t\t\t\t<\/div>\n\t\t\t\t<div class=\"elementor-element elementor-element-12bf6ee animated-slow elementor-invisible elementor-widget elementor-widget-text-editor\" data-id=\"12bf6ee\" data-element_type=\"widget\" data-e-type=\"widget\" data-settings=\"{&quot;_animation&quot;:&quot;fadeInLeft&quot;}\" data-widget_type=\"text-editor.default\">\n\t\t\t\t<div class=\"elementor-widget-container\">\n\t\t\t\t\t\t\t\t\t<p class=\"cvGsUA direction-ltr align-justify para-style-body\">Si vous vous trouvez dans la r\u00e9gion de la for\u00eat nuageuse de Mindo ou si vous pr\u00e9voyez de la visiter, nous vous invitons \u00e0 d\u00e9couvrir la tranquillit\u00e9 et le luxe de Las Terrazas de Dana Boutique Lodge &amp; Spa. Notre adresse est Las Terrazas de Dana Boutique Lodge &amp; Spa \u00e0 la For\u00eat Nuageuse de Mindo, en \u00c9quateur. N\u2019h\u00e9sitez pas \u00e0 passer nous voir, notre \u00e9quipe sera ravie de vous accueillir.  <\/p>\t\t\t\t\t\t\t\t<\/div>\n\t\t\t\t<\/div>\n\t\t\t\t<div class=\"elementor-element elementor-element-a7c71b8 elementor-widget__width-inherit animated-slow elementor-invisible elementor-widget elementor-widget-heading\" data-id=\"a7c71b8\" data-element_type=\"widget\" data-e-type=\"widget\" data-settings=\"{&quot;_animation&quot;:&quot;fadeInLeft&quot;}\" data-widget_type=\"heading.default\">\n\t\t\t\t<div class=\"elementor-widget-container\">\n\t\t\t\t\t<h4 class=\"elementor-heading-title elementor-size-default\">R\u00e9seaux Sociaux:<\/h4>\t\t\t\t<\/div>\n\t\t\t\t<\/div>\n\t\t\t\t<div class=\"elementor-element elementor-element-1876995 animated-slow elementor-invisible elementor-widget elementor-widget-text-editor\" data-id=\"1876995\" data-element_type=\"widget\" data-e-type=\"widget\" data-settings=\"{&quot;_animation&quot;:&quot;fadeInLeft&quot;}\" data-widget_type=\"text-editor.default\">\n\t\t\t\t<div class=\"elementor-widget-container\">\n\t\t\t\t\t\t\t\t\t<p class=\"cvGsUA direction-ltr align-justify para-style-body\">Restez en contact avec nous sur les r\u00e9seaux sociaux pour obtenir les derni\u00e8res mises \u00e0 jour, les promotions et des aper\u00e7us \u00e9tonnants de la vie \u00e0 Las Terrazas de Dana Boutique Lodge &amp; Spa. Suivez-nous sur Instagram, Facebook, Youtube, LinkedIn et X (Twitter). <\/p>\t\t\t\t\t\t\t\t<\/div>\n\t\t\t\t<\/div>\n\t\t\t\t<div class=\"elementor-element elementor-element-b26c841 animated-slow elementor-widget__width-inherit elementor-invisible elementor-widget elementor-widget-text-editor\" data-id=\"b26c841\" data-element_type=\"widget\" data-e-type=\"widget\" data-settings=\"{&quot;_animation&quot;:&quot;fadeInLeft&quot;}\" data-widget_type=\"text-editor.default\">\n\t\t\t\t<div class=\"elementor-widget-container\">\n\t\t\t\t\t\t\t\t\t<p class=\"cvGsUA direction-ltr align-justify para-style-body\"><strong>Nous vous remercions d\u2019avoir choisi Las Terrazas de Dana Boutique Lodge &amp; Spa pour votre s\u00e9jour dans la for\u00eat tropicale de Mindo. Nous sommes impatients d\u2019avoir de vos nouvelles et de faire en sorte que votre s\u00e9jour parmi nous soit vraiment m\u00e9morable. <\/strong><\/p>\t\t\t\t\t\t\t\t<\/div>\n\t\t\t\t<\/div>\n\t\t\t\t<\/div>\n\t\t\t\t<\/div>\n\t\t\t\t<\/div>\n\t\t","protected":false},"excerpt":{"rendered":"<p>Contacts Prendrecontact LAS TERRAZAS DE DANABOUTIQUE LODGE &amp; SPAVia a Las cascadas Km 1.2+593-939565819info@lasterrazasdedana.comMindo FORET NUAGEUSE- EQUATEUR Info Nous contacter \u00c0 Las Terrazas de Dana Boutique Lodge &amp; Spa, vos demandes et vos commentaires sont importants pour nous. Nous sommes ravis de r\u00e9pondre \u00e0 toutes vos questions afin que votre exp\u00e9rience avec nous soit transparente [&hellip;]<\/p>\n","protected":false},"author":2,"featured_media":0,"parent":0,"menu_order":0,"comment_status":"closed","ping_status":"closed","template":"elementor_header_footer","meta":{"footnotes":""},"class_list":["post-16849","page","type-page","status-publish","hentry"],"_links":{"self":[{"href":"https:\/\/www.lasterrazasdedana.com\/fr\/wp-json\/wp\/v2\/pages\/16849","targetHints":{"allow":["GET"]}}],"collection":[{"href":"https:\/\/www.lasterrazasdedana.com\/fr\/wp-json\/wp\/v2\/pages"}],"about":[{"href":"https:\/\/www.lasterrazasdedana.com\/fr\/wp-json\/wp\/v2\/types\/page"}],"author":[{"embeddable":true,"href":"https:\/\/www.lasterrazasdedana.com\/fr\/wp-json\/wp\/v2\/users\/2"}],"replies":[{"embeddable":true,"href":"https:\/\/www.lasterrazasdedana.com\/fr\/wp-json\/wp\/v2\/comments?post=16849"}],"version-history":[{"count":5,"href":"https:\/\/www.lasterrazasdedana.com\/fr\/wp-json\/wp\/v2\/pages\/16849\/revisions"}],"predecessor-version":[{"id":16970,"href":"https:\/\/www.lasterrazasdedana.com\/fr\/wp-json\/wp\/v2\/pages\/16849\/revisions\/16970"}],"wp:attachment":[{"href":"https:\/\/www.lasterrazasdedana.com\/fr\/wp-json\/wp\/v2\/media?parent=16849"}],"curies":[{"name":"wp","href":"https:\/\/api.w.org\/{rel}","templated":true}]}}