{"id":16978,"date":"2018-06-03T10:58:04","date_gmt":"2018-06-03T15:58:04","guid":{"rendered":"https:\/\/www.lasterrazasdedana.com\/reservation\/"},"modified":"2025-07-29T12:21:08","modified_gmt":"2025-07-29T17:21:08","slug":"reservation","status":"publish","type":"page","link":"https:\/\/www.lasterrazasdedana.com\/fr\/reservation\/","title":{"rendered":"R\u00e9servation"},"content":{"rendered":"\t\t<div data-elementor-type=\"wp-post\" data-elementor-id=\"16978\" class=\"elementor elementor-16978 elementor-4224\" data-elementor-post-type=\"page\">\n\t\t\t\t<div class=\"elementor-element elementor-element-6321f7a0 e-flex e-con-boxed e-con e-parent\" data-id=\"6321f7a0\" data-element_type=\"container\" data-e-type=\"container\" data-settings=\"{&quot;background_background&quot;:&quot;classic&quot;}\">\n\t\t\t\t\t<div class=\"e-con-inner\">\n\t\t\t\t\t<\/div>\n\t\t\t\t<\/div>\n\t\t<div class=\"elementor-element elementor-element-58590e80 e-con-full e-flex e-con e-parent\" data-id=\"58590e80\" data-element_type=\"container\" data-e-type=\"container\">\n\t\t<div class=\"elementor-element elementor-element-21e74921 e-con-full e-flex e-con e-child\" data-id=\"21e74921\" data-element_type=\"container\" data-e-type=\"container\" data-settings=\"{&quot;background_background&quot;:&quot;classic&quot;}\">\n\t\t\t\t<div class=\"elementor-element elementor-element-6c93e603 bng-hd animated-slow elementor-widget elementor-widget-heading\" data-id=\"6c93e603\" data-element_type=\"widget\" data-e-type=\"widget\" data-settings=\"{&quot;_animation&quot;:&quot;none&quot;}\" data-widget_type=\"heading.default\">\n\t\t\t\t<div class=\"elementor-widget-container\">\n\t\t\t\t\t<h2 class=\"elementor-heading-title elementor-size-default\">R\u00e9server maintenant<\/h2>\t\t\t\t<\/div>\n\t\t\t\t<\/div>\n\t\t\t\t<div class=\"elementor-element elementor-element-6ff496d2 bng-txt01 animated-slow elementor-widget elementor-widget-text-editor\" data-id=\"6ff496d2\" data-element_type=\"widget\" data-e-type=\"widget\" data-settings=\"{&quot;_animation&quot;:&quot;none&quot;}\" data-widget_type=\"text-editor.default\">\n\t\t\t\t<div class=\"elementor-widget-container\">\n\t\t\t\t\t\t\t\t\tavec nous et obtenez le meilleur tarif <span style=\"color: #EDB95D;\">GARANTI!<\/span>\t\t\t\t\t\t\t\t<\/div>\n\t\t\t\t<\/div>\n\t\t\t\t<\/div>\n\t\t<div class=\"elementor-element elementor-element-768e23a elementor-hidden-mobile e-flex e-con-boxed e-con e-child\" data-id=\"768e23a\" data-element_type=\"container\" data-e-type=\"container\">\n\t\t\t\t\t<div class=\"e-con-inner\">\n\t\t\t\t\t<\/div>\n\t\t\t\t<\/div>\n\t\t\t\t<\/div>\n\t\t<div class=\"elementor-element elementor-element-532ce5e7 e-con-full e-flex e-con e-parent\" data-id=\"532ce5e7\" data-element_type=\"container\" data-e-type=\"container\">\n\t\t<div class=\"elementor-element elementor-element-da1d19d e-con-full elementor-hidden-mobile e-flex e-con e-child\" data-id=\"da1d19d\" data-element_type=\"container\" data-e-type=\"container\">\n\t\t\t\t<\/div>\n\t\t<div class=\"elementor-element elementor-element-380cd60d e-con-full e-flex e-con e-child\" data-id=\"380cd60d\" data-element_type=\"container\" data-e-type=\"container\" data-settings=\"{&quot;background_background&quot;:&quot;classic&quot;}\">\n\t\t\t\t<div class=\"elementor-element elementor-element-e00dc97 bng-txt01 animated-slow elementor-widget elementor-widget-text-editor\" data-id=\"e00dc97\" data-element_type=\"widget\" data-e-type=\"widget\" data-settings=\"{&quot;_animation&quot;:&quot;none&quot;}\" data-widget_type=\"text-editor.default\">\n\t\t\t\t<div class=\"elementor-widget-container\">\n\t\t\t\t\t\t\t\t\t<p>Prix incomparables<\/p><p>Tr\u00e8s facile et s\u00fbr<\/p><p>Pas de frais cach\u00e9s, tous taxes compris<\/p><p>Approche et attention personnelles &#8211; avant, pendant et apr\u00e8s le s\u00e9jour<\/p>\t\t\t\t\t\t\t\t<\/div>\n\t\t\t\t<\/div>\n\t\t\t\t<\/div>\n\t\t\t\t<\/div>\n\t\t<div class=\"elementor-element elementor-element-2532f5d8 e-flex e-con-boxed e-con e-parent\" data-id=\"2532f5d8\" data-element_type=\"container\" data-e-type=\"container\">\n\t\t\t\t\t<div class=\"e-con-inner\">\n\t\t<div class=\"elementor-element elementor-element-7fc722bb e-con-full animated-slow e-flex e-con e-child\" data-id=\"7fc722bb\" data-element_type=\"container\" data-e-type=\"container\" data-settings=\"{&quot;background_background&quot;:&quot;classic&quot;,&quot;animation&quot;:&quot;none&quot;}\">\n\t\t\t\t<div class=\"elementor-element elementor-element-31b47177 elementor-button-align-center book-form elementor-widget elementor-widget-form\" data-id=\"31b47177\" data-element_type=\"widget\" data-e-type=\"widget\" id=\"bookSubmit\" data-settings=\"{&quot;step_next_label&quot;:&quot;Suivant&quot;,&quot;step_previous_label&quot;:&quot;Pr\\u00e9c\\u00e9dent&quot;,&quot;button_width&quot;:&quot;100&quot;,&quot;step_type&quot;:&quot;number_text&quot;,&quot;step_icon_shape&quot;:&quot;circle&quot;}\" data-widget_type=\"form.default\">\n\t\t\t\t<div class=\"elementor-widget-container\">\n\t\t\t\t\t\t\t<form class=\"elementor-form\" method=\"post\" name=\"Nouveau formulaire\" aria-label=\"Nouveau formulaire\">\n\t\t\t<input type=\"hidden\" name=\"post_id\" value=\"16978\"\/>\n\t\t\t<input type=\"hidden\" name=\"form_id\" value=\"31b47177\"\/>\n\t\t\t<input type=\"hidden\" name=\"referer_title\" value=\"Booking | Las Terrazas de Dana Lodge\" \/>\n\n\t\t\t\t\t\t\t<input type=\"hidden\" name=\"queried_id\" value=\"16978\"\/>\n\t\t\t\n\t\t\t<div class=\"elementor-form-fields-wrapper elementor-labels-above\">\n\t\t\t\t\t\t\t\t<div class=\"elementor-field-type-select elementor-field-group elementor-column elementor-field-group-field_e6a0dfb elementor-col-20\">\n\t\t\t\t\t\t\t\t\t\t\t\t<label for=\"form-field-field_e6a0dfb\" class=\"elementor-field-label\">\n\t\t\t\t\t\t\t\tH\u00f4tes\t\t\t\t\t\t\t<\/label>\n\t\t\t\t\t\t\t\t<div class=\"elementor-field elementor-select-wrapper remove-before \">\n\t\t\t<div class=\"select-caret-down-wrapper\">\n\t\t\t\t<i aria-hidden=\"true\" class=\"eicon-caret-down\"><\/i>\t\t\t<\/div>\n\t\t\t<select name=\"form_fields[field_e6a0dfb]\" id=\"form-field-field_e6a0dfb\" class=\"elementor-field-textual elementor-size-md\">\n\t\t\t\t\t\t\t\t\t<option value=\"Nombres d&#039;adultes\">Nombres d&#039;adultes<\/option>\n\t\t\t\t\t\t\t\t\t<option value=\"1\">1<\/option>\n\t\t\t\t\t\t\t\t\t<option value=\"2\">2<\/option>\n\t\t\t\t\t\t\t\t\t<option value=\"3\">3<\/option>\n\t\t\t\t\t\t\t\t\t<option value=\"4\">4<\/option>\n\t\t\t\t\t\t\t\t\t<option value=\"5+\">5+<\/option>\n\t\t\t\t\t\t\t<\/select>\n\t\t<\/div>\n\t\t\t\t\t\t<\/div>\n\t\t\t\t\t\t\t\t<div class=\"elementor-field-type-select elementor-field-group elementor-column elementor-field-group-field_4d02a50 elementor-col-20\">\n\t\t\t\t\t\t\t\t\t\t\t\t<label for=\"form-field-field_4d02a50\" class=\"elementor-field-label\">\n\t\t\t\t\t\t\t\tEnfant\t\t\t\t\t\t\t<\/label>\n\t\t\t\t\t\t\t\t<div class=\"elementor-field elementor-select-wrapper remove-before \">\n\t\t\t<div class=\"select-caret-down-wrapper\">\n\t\t\t\t<i aria-hidden=\"true\" class=\"eicon-caret-down\"><\/i>\t\t\t<\/div>\n\t\t\t<select name=\"form_fields[field_4d02a50]\" id=\"form-field-field_4d02a50\" class=\"elementor-field-textual elementor-size-md\">\n\t\t\t\t\t\t\t\t\t<option value=\"Nombres d&#039;enfants\">Nombres d&#039;enfants<\/option>\n\t\t\t\t\t\t\t\t\t<option value=\"1\">1<\/option>\n\t\t\t\t\t\t\t\t\t<option value=\"2\">2<\/option>\n\t\t\t\t\t\t\t\t\t<option value=\"3\">3<\/option>\n\t\t\t\t\t\t\t\t\t<option value=\"4\">4<\/option>\n\t\t\t\t\t\t\t\t\t<option value=\"5+\">5+<\/option>\n\t\t\t\t\t\t\t<\/select>\n\t\t<\/div>\n\t\t\t\t\t\t<\/div>\n\t\t\t\t\t\t\t\t<div class=\"elementor-field-type-date elementor-field-group elementor-column elementor-field-group-field_be38d49 elementor-col-30\">\n\t\t\t\t\t\t\t\t\t\t\t\t<label for=\"form-field-field_be38d49\" class=\"elementor-field-label\">\n\t\t\t\t\t\t\t\tEnregistrement\t\t\t\t\t\t\t<\/label>\n\t\t\t\t\t\t\n\t\t<input type=\"date\" name=\"form_fields[field_be38d49]\" id=\"form-field-field_be38d49\" class=\"elementor-field elementor-size-md  elementor-field-textual elementor-date-field elementor-use-native\" placeholder=\"Lundi 17 Juin 2024\" pattern=\"[0-9]{4}-[0-9]{2}-[0-9]{2}\">\n\t\t\t\t\t\t<\/div>\n\t\t\t\t\t\t\t\t<div class=\"elementor-field-type-date elementor-field-group elementor-column elementor-field-group-field_2da709f elementor-col-30 elementor-field-required elementor-mark-required\">\n\t\t\t\t\t\t\t\t\t\t\t\t<label for=\"form-field-field_2da709f\" class=\"elementor-field-label\">\n\t\t\t\t\t\t\t\tSortie\t\t\t\t\t\t\t<\/label>\n\t\t\t\t\t\t\n\t\t<input type=\"date\" name=\"form_fields[field_2da709f]\" id=\"form-field-field_2da709f\" class=\"elementor-field elementor-size-md  elementor-field-textual elementor-date-field elementor-use-native\" placeholder=\"Mardi 18 Juin 2024\" required=\"required\" pattern=\"[0-9]{4}-[0-9]{2}-[0-9]{2}\">\n\t\t\t\t\t\t<\/div>\n\t\t\t\t\t\t\t\t<div class=\"elementor-field-type-text elementor-field-group elementor-column elementor-field-group-name elementor-col-50 elementor-field-required elementor-mark-required\">\n\t\t\t\t\t\t\t\t\t\t\t\t\t<input size=\"1\" type=\"text\" name=\"form_fields[name]\" id=\"form-field-name\" class=\"elementor-field elementor-size-md  elementor-field-textual\" placeholder=\"Nom complet *\" required=\"required\">\n\t\t\t\t\t\t\t\t\t\t\t<\/div>\n\t\t\t\t\t\t\t\t<div class=\"elementor-field-type-email elementor-field-group elementor-column elementor-field-group-email elementor-col-50 elementor-field-required elementor-mark-required\">\n\t\t\t\t\t\t\t\t\t\t\t\t\t<input size=\"1\" type=\"email\" name=\"form_fields[email]\" id=\"form-field-email\" class=\"elementor-field elementor-size-md  elementor-field-textual\" placeholder=\"E-mail *\" required=\"required\">\n\t\t\t\t\t\t\t\t\t\t\t<\/div>\n\t\t\t\t\t\t\t\t<div class=\"elementor-field-type-textarea elementor-field-group elementor-column elementor-field-group-message elementor-col-100\">\n\t\t\t\t\t<textarea class=\"elementor-field-textual elementor-field  elementor-size-md\" name=\"form_fields[message]\" id=\"form-field-message\" rows=\"4\" placeholder=\"Veuillez noter vos demandes ou besoins particuliers\"><\/textarea>\t\t\t\t<\/div>\n\t\t\t\t\t\t\t\t<div class=\"elementor-field-group elementor-column elementor-field-type-submit elementor-col-100 e-form__buttons\">\n\t\t\t\t\t<button class=\"elementor-button elementor-size-sm\" type=\"submit\">\n\t\t\t\t\t\t<span class=\"elementor-button-content-wrapper\">\n\t\t\t\t\t\t\t\t\t\t\t\t\t\t\t\t\t\t\t\t\t\t<span class=\"elementor-button-text\">Envoyer<\/span>\n\t\t\t\t\t\t\t\t\t\t\t\t\t<\/span>\n\t\t\t\t\t<\/button>\n\t\t\t\t<\/div>\n\t\t\t<\/div>\n\t\t<\/form>\n\t\t\t\t\t\t<\/div>\n\t\t\t\t<\/div>\n\t\t\t\t<\/div>\n\t\t\t\t\t<\/div>\n\t\t\t\t<\/div>\n\t\t<div class=\"elementor-element elementor-element-5fda8eb6 e-flex e-con-boxed e-con e-parent\" data-id=\"5fda8eb6\" data-element_type=\"container\" data-e-type=\"container\">\n\t\t\t\t\t<div class=\"e-con-inner\">\n\t\t\t\t<div class=\"elementor-element elementor-element-7968ce51 elementor-widget elementor-widget-html\" data-id=\"7968ce51\" data-element_type=\"widget\" data-e-type=\"widget\" data-widget_type=\"html.default\">\n\t\t\t\t<div class=\"elementor-widget-container\">\n\t\t\t\t\t<script>\/\/ Convert date to YYYY-MM-DD format\nfunction convertToISODateString(date) {\n  const padWithZero = number => String(number).padStart(2, '0');\n  const year = date.getFullYear();\n  const month = padWithZero(date.getMonth() + 1);\n  const day = padWithZero(date.getDate()+1);\n  return `${year}-${month}-${day}`;\n}\nfunction convertToISODateString2(date) {\n  const padWithZero = number => String(number).padStart(2, '0');\n  const year = date.getFullYear();\n  const month = padWithZero(date.getMonth() + 1);\n  const day = padWithZero(date.getDate()+2);\n  return `${year}-${month}-${day}`;\n}\n\nwindow.onload = () => {\n  const dateInput = document.querySelector('#form-field-field_be38d49');\n   const dateInput2 = document.querySelector('#form-field-field_2da709f');\n  const currentDate = new Date();\n  \n  dateInput.min = convertToISODateString(currentDate);\n   dateInput2.min = convertToISODateString2(currentDate);\n  dateInput.defaultValue = dateInput.min;\n  dateInput2.defaultValue = dateInput2.min;\n  \n  const oneYearLater = new Date(currentDate);\n  oneYearLater.setFullYear(currentDate.getFullYear() + 1);\n  dateInput.max = convertToISODateString(oneYearLater);\n  \n\n};\n<\/script>\t\t\t\t<\/div>\n\t\t\t\t<\/div>\n\t\t\t\t\t<\/div>\n\t\t\t\t<\/div>\n\t\t<div class=\"elementor-element elementor-element-2751390 e-con-full e-flex e-con e-parent\" data-id=\"2751390\" data-element_type=\"container\" data-e-type=\"container\">\n\t\t<div class=\"elementor-element elementor-element-aa020ed e-con-full e-flex e-con e-child\" data-id=\"aa020ed\" data-element_type=\"container\" data-e-type=\"container\">\n\t\t\t\t<div class=\"elementor-element elementor-element-080d250 elementor-widget elementor-widget-html\" data-id=\"080d250\" data-element_type=\"widget\" data-e-type=\"widget\" data-widget_type=\"html.default\">\n\t\t\t\t<div class=\"elementor-widget-container\">\n\t\t\t\t\t<!-- Start by including the following javascript on your pages --><script src=\"https:\/\/wubook.net\/js\/nebi\/iframe.jgz\"><\/script><!-- Define and identify a place where you would like the iframe to appear --><div id=\"the_place_where_iframe_will_be_installed\"><\/div><!-- Finally apply --><script>  var url= 'https:\/\/wubook.net\/nneb\/bk?f=tomorrow&n=1&ep=2f8843b3&board=bb&lang=en';  var target= '#the_place_where_iframe_will_be_installed';  var Neb= new ZakNebIframe(target, url);  Neb.render();<\/script>\n\n<script>\n    jQuery(document).ready(function(){\n    \n    \tdocument.body.className += ' test_home';\n        setTimeout(function(){\n            jQuery(window).scrollTop(0);\n            document.querySelector('body').classList.remove('test_home');\n        }, 4000);\n        \n    });\n<\/script>\t\t\t\t<\/div>\n\t\t\t\t<\/div>\n\t\t\t\t<\/div>\n\t\t\t\t<\/div>\n\t\t<div class=\"elementor-element elementor-element-566ba2ff e-flex e-con-boxed e-con e-parent\" data-id=\"566ba2ff\" data-element_type=\"container\" data-e-type=\"container\">\n\t\t\t\t\t<div class=\"e-con-inner\">\n\t\t\t\t<div class=\"elementor-element elementor-element-56b7b83e elementor-widget elementor-widget-text-editor\" data-id=\"56b7b83e\" data-element_type=\"widget\" data-e-type=\"widget\" data-widget_type=\"text-editor.default\">\n\t\t\t\t<div class=\"elementor-widget-container\">\n\t\t\t\t\t\t\t\t\t<p>Vous \u00eates les bienvenus \u00e0 Las Terrazas De Dana, o\u00f9 le luxe rencontre l&rsquo;abordabilit\u00e9 ! Lorsque vous r\u00e9servez directement avec nous, vous acc\u00e9dez \u00e0 un monde d&rsquo;avantages in\u00e9gal\u00e9s. Nous veillons \u00e0 ce que votre s\u00e9jour soit non seulement m\u00e9morable, mais aussi \u00e9conomique. Nous sommes fiers d&rsquo;offrir les meilleurs tarifs disponibles, GARANTI !   <\/p><p><strong>Prix incomparables:<\/strong><\/p><p>Vivez l&rsquo;exp\u00e9rience du luxe sans d\u00e9passer votre budget. Notre plateforme de r\u00e9servation directe vous propose des prix incomparables qui vous permettent d&rsquo;en avoir le maximum pour votre budget. Des suites somptueuses aux chambres confortables, votre s\u00e9jour id\u00e9al est \u00e0 port\u00e9e d&rsquo;un clic.  <\/p><p><strong>Tr\u00e8s facile et s\u00fbr:<\/strong><\/p><p>R\u00e9server avec nous est un jeu d&rsquo;enfant ! Notre site web convivial garantit une exp\u00e9rience de r\u00e9servation sans faille. Vous pouvez vous reposer en toute tranquillit\u00e9, sachant que vos informations personnelles sont s\u00e9curis\u00e9es et que votre r\u00e9servation est confirm\u00e9e en quelques clics. Nous accordons la priorit\u00e9 \u00e0 votre commodit\u00e9 et \u00e0 votre tranquillit\u00e9 d&rsquo;esprit !   <\/p><p><strong>Pas de frais cach\u00e9s, tous taxes compris:<\/strong><\/p><p>Dites adieu aux mauvaises surprises. Avec nous, ce que vous voyez est ce que vous obtenez. Il n&rsquo;y a pas de frais cach\u00e9s et toutes les taxes sont incluses dans le tarif affich\u00e9. La transparence est au c\u0153ur de notre engagement et nous fournissons un processus de r\u00e9servation honn\u00eate et direct.   <\/p><p><strong>Approche et attention personnelle &#8211; Avant, pendant et apr\u00e8s le s\u00e9jour:<\/strong><\/p><p>\u00c0 Las Terrazas De Dana, nous croyons en la touche personnelle. Notre engagement pour un service exceptionnel s&rsquo;\u00e9tend au-del\u00e0 de votre s\u00e9jour. D\u00e8s le moment o\u00f9 vous envisagez de r\u00e9server avec nous, tout au long de votre visite et m\u00eame apr\u00e8s votre d\u00e9part, notre \u00e9quipe d\u00e9vou\u00e9e vous garantit une exp\u00e9rience personnalis\u00e9e. Nous sommes l\u00e0 pour r\u00e9pondre \u00e0 vos besoins, \u00e0 vos questions et pour rendre votre s\u00e9jour inoubliable.   <\/p><p>Ne manquez pas les avantages exclusifs d&rsquo;une r\u00e9servation directe aupr\u00e8s de Las Terrazas De Dana. Faites l&rsquo;exp\u00e9rience d&rsquo;un m\u00e9lange parfait de luxe, de prix abordable et de service personnalis\u00e9. R\u00e9servez d\u00e8s maintenant et d\u00e9couvrez un monde de confort qui d\u00e9passe vos attentes !  <\/p>\t\t\t\t\t\t\t\t<\/div>\n\t\t\t\t<\/div>\n\t\t\t\t\t<\/div>\n\t\t\t\t<\/div>\n\t\t\t\t<\/div>\n\t\t","protected":false},"excerpt":{"rendered":"<p>R\u00e9server maintenant avec nous et obtenez le meilleur tarif GARANTI! Prix incomparables Tr\u00e8s facile et s\u00fbr Pas de frais cach\u00e9s, tous taxes compris Approche et attention personnelles &#8211; avant, pendant et apr\u00e8s le s\u00e9jour Vous \u00eates les bienvenus \u00e0 Las Terrazas De Dana, o\u00f9 le luxe rencontre l&rsquo;abordabilit\u00e9 ! Lorsque vous r\u00e9servez directement avec nous, [&hellip;]<\/p>\n","protected":false},"author":2,"featured_media":0,"parent":0,"menu_order":0,"comment_status":"closed","ping_status":"closed","template":"elementor_header_footer","meta":{"footnotes":""},"class_list":["post-16978","page","type-page","status-publish","hentry"],"_links":{"self":[{"href":"https:\/\/www.lasterrazasdedana.com\/fr\/wp-json\/wp\/v2\/pages\/16978","targetHints":{"allow":["GET"]}}],"collection":[{"href":"https:\/\/www.lasterrazasdedana.com\/fr\/wp-json\/wp\/v2\/pages"}],"about":[{"href":"https:\/\/www.lasterrazasdedana.com\/fr\/wp-json\/wp\/v2\/types\/page"}],"author":[{"embeddable":true,"href":"https:\/\/www.lasterrazasdedana.com\/fr\/wp-json\/wp\/v2\/users\/2"}],"replies":[{"embeddable":true,"href":"https:\/\/www.lasterrazasdedana.com\/fr\/wp-json\/wp\/v2\/comments?post=16978"}],"version-history":[{"count":5,"href":"https:\/\/www.lasterrazasdedana.com\/fr\/wp-json\/wp\/v2\/pages\/16978\/revisions"}],"predecessor-version":[{"id":17021,"href":"https:\/\/www.lasterrazasdedana.com\/fr\/wp-json\/wp\/v2\/pages\/16978\/revisions\/17021"}],"wp:attachment":[{"href":"https:\/\/www.lasterrazasdedana.com\/fr\/wp-json\/wp\/v2\/media?parent=16978"}],"curies":[{"name":"wp","href":"https:\/\/api.w.org\/{rel}","templated":true}]}}