{"id":16981,"date":"2024-07-20T09:57:41","date_gmt":"2024-07-20T14:57:41","guid":{"rendered":"https:\/\/www.lasterrazasdedana.com\/spa-de-mindo\/"},"modified":"2025-07-10T17:35:22","modified_gmt":"2025-07-10T22:35:22","slug":"spa-de-mindo","status":"publish","type":"page","link":"https:\/\/www.lasterrazasdedana.com\/fr\/spa-de-mindo\/","title":{"rendered":"Spa de Mindo"},"content":{"rendered":"\t\t<div data-elementor-type=\"wp-page\" data-elementor-id=\"16981\" class=\"elementor elementor-16981 elementor-13921\" data-elementor-post-type=\"page\">\n\t\t\t\t<div class=\"elementor-element elementor-element-7c46cd4 e-con-full contact-sec1 e-flex e-con e-parent\" data-id=\"7c46cd4\" data-element_type=\"container\" data-e-type=\"container\">\n\t\t\t\t<div class=\"elementor-element elementor-element-7c956d8 elementor-widget elementor-widget-image\" data-id=\"7c956d8\" data-element_type=\"widget\" data-e-type=\"widget\" data-widget_type=\"image.default\">\n\t\t\t\t<div class=\"elementor-widget-container\">\n\t\t\t\t\t\t\t\t\t\t\t\t\t\t\t<img fetchpriority=\"high\" decoding=\"async\" width=\"1024\" height=\"398\" src=\"https:\/\/www.lasterrazasdedana.com\/wp-content\/uploads\/2024\/07\/mindo-img01.jpg\" class=\"attachment-full size-full wp-image-14594\" alt=\"\" srcset=\"https:\/\/www.lasterrazasdedana.com\/wp-content\/uploads\/2024\/07\/mindo-img01.jpg 1024w, https:\/\/www.lasterrazasdedana.com\/wp-content\/uploads\/2024\/07\/mindo-img01-300x117.jpg 300w, https:\/\/www.lasterrazasdedana.com\/wp-content\/uploads\/2024\/07\/mindo-img01-768x299.jpg 768w\" sizes=\"(max-width: 1024px) 100vw, 1024px\" title=\"\">\t\t\t\t\t\t\t\t\t\t\t\t\t\t\t<\/div>\n\t\t\t\t<\/div>\n\t\t\t\t<\/div>\n\t\t<div class=\"elementor-element elementor-element-1f63c09 e-con-full contact-sec2 e-flex e-con e-parent\" data-id=\"1f63c09\" data-element_type=\"container\" data-e-type=\"container\" data-settings=\"{&quot;background_background&quot;:&quot;classic&quot;}\">\n\t\t<div class=\"elementor-element elementor-element-040b3f4 e-con-full animated-slow e-flex elementor-invisible e-con e-child\" data-id=\"040b3f4\" data-element_type=\"container\" data-e-type=\"container\" data-settings=\"{&quot;background_background&quot;:&quot;classic&quot;,&quot;animation&quot;:&quot;fadeInUp&quot;}\">\n\t\t\t\t<div class=\"elementor-element elementor-element-f77c45d animated-slow elementor-widget elementor-widget-heading\" data-id=\"f77c45d\" data-element_type=\"widget\" data-e-type=\"widget\" data-settings=\"{&quot;_animation&quot;:&quot;none&quot;}\" data-widget_type=\"heading.default\">\n\t\t\t\t<div class=\"elementor-widget-container\">\n\t\t\t\t\t<h2 class=\"elementor-heading-title elementor-size-default\">Bien-\u00eatre<\/h2>\t\t\t\t<\/div>\n\t\t\t\t<\/div>\n\t\t\t\t<\/div>\n\t\t<div class=\"elementor-element elementor-element-f74d0a0 e-con-full e-flex e-con e-child\" data-id=\"f74d0a0\" data-element_type=\"container\" data-e-type=\"container\" data-settings=\"{&quot;background_background&quot;:&quot;classic&quot;,&quot;animation&quot;:&quot;none&quot;}\">\n\t\t\t\t<div class=\"elementor-element elementor-element-a9036d5 elementor-widget__width-initial animated-slow elementor-invisible elementor-widget elementor-widget-text-editor\" data-id=\"a9036d5\" data-element_type=\"widget\" data-e-type=\"widget\" data-settings=\"{&quot;_animation&quot;:&quot;fadeInDown&quot;}\" data-widget_type=\"text-editor.default\">\n\t\t\t\t<div class=\"elementor-widget-container\">\n\t\t\t\t\t\t\t\t\t<p><a href=\"https:\/\/www.lasterrazasdedana.com\/spa-menu.pdf\" target=\"_blank\" rel=\"noopener\">T\u00e9l\u00e9charger<\/a><br><a href=\"https:\/\/www.lasterrazasdedana.com\/spa-menu.pdf\" target=\"_blank\" rel=\"noopener\">LISTE DE SERVICES pdf<\/a><\/p>\t\t\t\t\t\t\t\t<\/div>\n\t\t\t\t<\/div>\n\t\t\t\t<\/div>\n\t\t<div class=\"elementor-element elementor-element-1d19253 e-con-full e-flex e-con e-child\" data-id=\"1d19253\" data-element_type=\"container\" data-e-type=\"container\" data-settings=\"{&quot;background_background&quot;:&quot;classic&quot;,&quot;animation&quot;:&quot;none&quot;}\">\n\t\t\t\t<div class=\"elementor-element elementor-element-8a0ac18 elementor-widget__width-auto animated-slow elementor-invisible elementor-widget elementor-widget-text-editor\" data-id=\"8a0ac18\" data-element_type=\"widget\" data-e-type=\"widget\" data-settings=\"{&quot;_animation&quot;:&quot;fadeInDown&quot;}\" data-widget_type=\"text-editor.default\">\n\t\t\t\t<div class=\"elementor-widget-container\">\n\t\t\t\t\t\t\t\t\tHoraire d\u2019ouverture<br> Sur rendez-vous<br> 8H30 \u2013 20H30\t\t\t\t\t\t\t\t<\/div>\n\t\t\t\t<\/div>\n\t\t\t\t<\/div>\n\t\t\t\t<\/div>\n\t\t<div class=\"elementor-element elementor-element-7953988 e-con-full contact-sec3 e-flex e-con e-parent\" data-id=\"7953988\" data-element_type=\"container\" data-e-type=\"container\" data-settings=\"{&quot;background_background&quot;:&quot;classic&quot;}\">\n\t\t<div class=\"elementor-element elementor-element-4ed6654 e-con-full animated-slow e-flex elementor-invisible e-con e-child\" data-id=\"4ed6654\" data-element_type=\"container\" data-e-type=\"container\" data-settings=\"{&quot;background_background&quot;:&quot;classic&quot;,&quot;animation&quot;:&quot;fadeInUp&quot;}\">\n\t\t\t\t<\/div>\n\t\t<div class=\"elementor-element elementor-element-b7628d0 e-con-full animated-slow cuisine-mid-col e-flex e-con e-child\" data-id=\"b7628d0\" data-element_type=\"container\" data-e-type=\"container\" data-settings=\"{&quot;background_background&quot;:&quot;classic&quot;,&quot;animation&quot;:&quot;none&quot;}\">\n\t\t\t\t<div class=\"elementor-element elementor-element-ad16211 elementor-widget elementor-widget-image\" data-id=\"ad16211\" data-element_type=\"widget\" data-e-type=\"widget\" data-widget_type=\"image.default\">\n\t\t\t\t<div class=\"elementor-widget-container\">\n\t\t\t\t\t\t\t\t\t\t\t\t\t\t\t<img decoding=\"async\" width=\"949\" height=\"324\" src=\"https:\/\/www.lasterrazasdedana.com\/wp-content\/uploads\/2024\/07\/mindo-img02-min.jpg\" class=\"attachment-full size-full wp-image-14873\" alt=\"\" srcset=\"https:\/\/www.lasterrazasdedana.com\/wp-content\/uploads\/2024\/07\/mindo-img02-min.jpg 949w, https:\/\/www.lasterrazasdedana.com\/wp-content\/uploads\/2024\/07\/mindo-img02-min-300x102.jpg 300w, https:\/\/www.lasterrazasdedana.com\/wp-content\/uploads\/2024\/07\/mindo-img02-min-768x262.jpg 768w\" sizes=\"(max-width: 949px) 100vw, 949px\" title=\"\">\t\t\t\t\t\t\t\t\t\t\t\t\t\t\t<\/div>\n\t\t\t\t<\/div>\n\t\t\t\t<\/div>\n\t\t<div class=\"elementor-element elementor-element-c58e941 e-con-full animated-slow cuisine-mid-col e-flex e-con e-child\" data-id=\"c58e941\" data-element_type=\"container\" data-e-type=\"container\" data-settings=\"{&quot;background_background&quot;:&quot;classic&quot;,&quot;animation&quot;:&quot;none&quot;}\">\n\t\t\t\t<div class=\"elementor-element elementor-element-d60181c elementor-widget elementor-widget-image\" data-id=\"d60181c\" data-element_type=\"widget\" data-e-type=\"widget\" data-widget_type=\"image.default\">\n\t\t\t\t<div class=\"elementor-widget-container\">\n\t\t\t\t\t\t\t\t\t\t\t\t\t\t\t<img decoding=\"async\" width=\"949\" height=\"324\" src=\"https:\/\/www.lasterrazasdedana.com\/wp-content\/uploads\/2024\/07\/mindo-img03-min.jpg\" class=\"attachment-full size-full wp-image-14875\" alt=\"\" srcset=\"https:\/\/www.lasterrazasdedana.com\/wp-content\/uploads\/2024\/07\/mindo-img03-min.jpg 949w, https:\/\/www.lasterrazasdedana.com\/wp-content\/uploads\/2024\/07\/mindo-img03-min-300x102.jpg 300w, https:\/\/www.lasterrazasdedana.com\/wp-content\/uploads\/2024\/07\/mindo-img03-min-768x262.jpg 768w\" sizes=\"(max-width: 949px) 100vw, 949px\" title=\"\">\t\t\t\t\t\t\t\t\t\t\t\t\t\t\t<\/div>\n\t\t\t\t<\/div>\n\t\t\t\t<\/div>\n\t\t\t\t<\/div>\n\t\t<div class=\"elementor-element elementor-element-35d0fa8 e-con-full contact-sec3 mindo-sec4 e-flex e-con e-parent\" data-id=\"35d0fa8\" data-element_type=\"container\" data-e-type=\"container\" data-settings=\"{&quot;background_background&quot;:&quot;classic&quot;}\">\n\t\t<div class=\"elementor-element elementor-element-a2466ef e-con-full animated-slow e-flex elementor-invisible e-con e-child\" data-id=\"a2466ef\" data-element_type=\"container\" data-e-type=\"container\" data-settings=\"{&quot;background_background&quot;:&quot;classic&quot;,&quot;animation&quot;:&quot;fadeInUp&quot;}\">\n\t\t\t\t<\/div>\n\t\t<div class=\"elementor-element elementor-element-0bbe6d3 e-con-full animated-slow cuisine-mid-col e-flex e-con e-child\" data-id=\"0bbe6d3\" data-element_type=\"container\" data-e-type=\"container\" data-settings=\"{&quot;background_background&quot;:&quot;classic&quot;,&quot;animation&quot;:&quot;none&quot;}\">\n\t\t\t\t<div class=\"elementor-element elementor-element-978eee7 animated-slow elementor-invisible elementor-widget elementor-widget-image\" data-id=\"978eee7\" data-element_type=\"widget\" data-e-type=\"widget\" data-settings=\"{&quot;_animation&quot;:&quot;fadeInRight&quot;}\" data-widget_type=\"image.default\">\n\t\t\t\t<div class=\"elementor-widget-container\">\n\t\t\t\t\t\t\t\t\t\t\t\t\t\t\t<img loading=\"lazy\" decoding=\"async\" width=\"245\" height=\"59\" src=\"https:\/\/www.lasterrazasdedana.com\/wp-content\/uploads\/2024\/07\/mindo-img05.png\" class=\"attachment-full size-full wp-image-14620\" alt=\"\" title=\"\">\t\t\t\t\t\t\t\t\t\t\t\t\t\t\t<\/div>\n\t\t\t\t<\/div>\n\t\t\t\t<div class=\"elementor-element elementor-element-38fb5e9 animated-slow elementor-invisible elementor-widget elementor-widget-heading\" data-id=\"38fb5e9\" data-element_type=\"widget\" data-e-type=\"widget\" data-settings=\"{&quot;_animation&quot;:&quot;fadeInRight&quot;}\" data-widget_type=\"heading.default\">\n\t\t\t\t<div class=\"elementor-widget-container\">\n\t\t\t\t\t<h2 class=\"elementor-heading-title elementor-size-default\">Cr\u00e9e par Las Terrazas de Dana <\/h2>\t\t\t\t<\/div>\n\t\t\t\t<\/div>\n\t\t\t\t<div class=\"elementor-element elementor-element-1154051 animated-slow elementor-absolute mindo-big-hd elementor-invisible elementor-widget elementor-widget-heading\" data-id=\"1154051\" data-element_type=\"widget\" data-e-type=\"widget\" data-settings=\"{&quot;_animation&quot;:&quot;fadeInLeft&quot;,&quot;_position&quot;:&quot;absolute&quot;}\" data-widget_type=\"heading.default\">\n\t\t\t\t<div class=\"elementor-widget-container\">\n\t\t\t\t\t<h2 class=\"elementor-heading-title elementor-size-default\">paix,<br>amour<br>et spa...<\/h2>\t\t\t\t<\/div>\n\t\t\t\t<\/div>\n\t\t\t\t<div class=\"elementor-element elementor-element-a4a3da4 elementor-button-align-end elementor-widget__width-initial animated-slow cuisine-form elementor-invisible elementor-widget elementor-widget-form\" data-id=\"a4a3da4\" data-element_type=\"widget\" data-e-type=\"widget\" data-settings=\"{&quot;step_next_label&quot;:&quot;Suivant&quot;,&quot;step_previous_label&quot;:&quot;Pr\\u00e9c\\u00e9dent&quot;,&quot;_animation&quot;:&quot;fadeInRight&quot;,&quot;step_type&quot;:&quot;number_text&quot;,&quot;step_icon_shape&quot;:&quot;circle&quot;}\" data-widget_type=\"form.default\">\n\t\t\t\t<div class=\"elementor-widget-container\">\n\t\t\t\t\t\t\t<form class=\"elementor-form\" method=\"post\" name=\"Nouveau formulaire\" aria-label=\"Nouveau formulaire\">\n\t\t\t<input type=\"hidden\" name=\"post_id\" value=\"16981\"\/>\n\t\t\t<input type=\"hidden\" name=\"form_id\" value=\"a4a3da4\"\/>\n\t\t\t<input type=\"hidden\" name=\"referer_title\" value=\"Mindo Spa equateur massages facial manicure exfoliations\" \/>\n\n\t\t\t\t\t\t\t<input type=\"hidden\" name=\"queried_id\" value=\"16981\"\/>\n\t\t\t\n\t\t\t<div class=\"elementor-form-fields-wrapper elementor-labels-\">\n\t\t\t\t\t\t\t\t<div class=\"elementor-field-type-text elementor-field-group elementor-column elementor-field-group-name elementor-col-100\">\n\t\t\t\t\t\t\t\t\t\t\t\t\t<input size=\"1\" type=\"text\" name=\"form_fields[name]\" id=\"form-field-name\" class=\"elementor-field elementor-size-sm  elementor-field-textual\" placeholder=\"* pr\u00e9nom\">\n\t\t\t\t\t\t\t\t\t\t\t<\/div>\n\t\t\t\t\t\t\t\t<div class=\"elementor-field-type-email elementor-field-group elementor-column elementor-field-group-email elementor-col-100 elementor-field-required\">\n\t\t\t\t\t\t\t\t\t\t\t\t\t<input size=\"1\" type=\"email\" name=\"form_fields[email]\" id=\"form-field-email\" class=\"elementor-field elementor-size-sm  elementor-field-textual\" placeholder=\"* email\" required=\"required\">\n\t\t\t\t\t\t\t\t\t\t\t<\/div>\n\t\t\t\t\t\t\t\t<div class=\"elementor-field-type-number elementor-field-group elementor-column elementor-field-group-field_57a729b elementor-col-100\">\n\t\t\t\t\t\t\t\t<input type=\"number\" name=\"form_fields[field_57a729b]\" id=\"form-field-field_57a729b\" class=\"elementor-field elementor-size-sm  elementor-field-textual\" placeholder=\"*nombre de personnes\" min=\"\" max=\"\" >\n\t\t\t\t\t\t<\/div>\n\t\t\t\t\t\t\t\t<div class=\"elementor-field-type-date elementor-field-group elementor-column elementor-field-group-field_ff203a0 elementor-col-100\">\n\t\t\t\t\t\n\t\t<input type=\"date\" name=\"form_fields[field_ff203a0]\" id=\"form-field-field_ff203a0\" class=\"elementor-field elementor-size-sm  elementor-field-textual elementor-date-field\" placeholder=\"* date\" pattern=\"[0-9]{4}-[0-9]{2}-[0-9]{2}\">\n\t\t\t\t\t\t<\/div>\n\t\t\t\t\t\t\t\t<div class=\"elementor-field-type-select elementor-field-group elementor-column elementor-field-group-field_a89fe23 elementor-col-100\">\n\t\t\t\t\t\t\t<div class=\"elementor-field elementor-select-wrapper remove-before \">\n\t\t\t<div class=\"select-caret-down-wrapper\">\n\t\t\t\t<i aria-hidden=\"true\" class=\"eicon-caret-down\"><\/i>\t\t\t<\/div>\n\t\t\t<select name=\"form_fields[field_a89fe23]\" id=\"form-field-field_a89fe23\" class=\"elementor-field-textual elementor-size-sm\">\n\t\t\t\t\t\t\t\t\t<option value=\"service\">service<\/option>\n\t\t\t\t\t\t\t\t\t<option value=\"massage\">massage<\/option>\n\t\t\t\t\t\t\t\t\t<option value=\"facial\">facial<\/option>\n\t\t\t\t\t\t\t\t\t<option value=\"services de spa\">services de spa<\/option>\n\t\t\t\t\t\t\t\t\t<option value=\"exfoliations de corps\">exfoliations de corps<\/option>\n\t\t\t\t\t\t\t<\/select>\n\t\t<\/div>\n\t\t\t\t\t\t<\/div>\n\t\t\t\t\t\t\t\t<div class=\"elementor-field-type-textarea elementor-field-group elementor-column elementor-field-group-message elementor-col-100\">\n\t\t\t\t\t<textarea class=\"elementor-field-textual elementor-field  elementor-size-sm\" name=\"form_fields[message]\" id=\"form-field-message\" rows=\"4\" placeholder=\"* message\"><\/textarea>\t\t\t\t<\/div>\n\t\t\t\t\t\t\t\t<div class=\"elementor-field-type-recaptcha_v3 elementor-field-group elementor-column elementor-field-group-field_1 elementor-col-100 recaptcha_v3-bottomleft\">\n\t\t\t\t\t<div class=\"elementor-field\" id=\"form-field-field_1\"><div class=\"elementor-g-recaptcha\" data-sitekey=\"6Lf77NEUAAAAAI-gG1tj4rnVFBWIMQB0W_6vvPaA\" data-type=\"v3\" data-action=\"Form\" data-badge=\"bottomleft\" data-size=\"invisible\"><\/div><\/div>\t\t\t\t<\/div>\n\t\t\t\t\t\t\t\t<div class=\"elementor-field-group elementor-column elementor-field-type-submit elementor-col-100 e-form__buttons\">\n\t\t\t\t\t<button class=\"elementor-button elementor-size-md\" type=\"submit\">\n\t\t\t\t\t\t<span class=\"elementor-button-content-wrapper\">\n\t\t\t\t\t\t\t\t\t\t\t\t\t\t\t\t\t\t\t\t\t\t<span class=\"elementor-button-text\">ENVOYER<\/span>\n\t\t\t\t\t\t\t\t\t\t\t\t\t<\/span>\n\t\t\t\t\t<\/button>\n\t\t\t\t<\/div>\n\t\t\t<\/div>\n\t\t<\/form>\n\t\t\t\t\t\t<\/div>\n\t\t\t\t<\/div>\n\t\t\t\t<\/div>\n\t\t<div class=\"elementor-element elementor-element-59eb67d e-con-full animated-slow cuisine-rgt-col mindo-rgt-col elementor-hidden-mobile e-flex e-con e-child\" data-id=\"59eb67d\" data-element_type=\"container\" data-e-type=\"container\" data-settings=\"{&quot;background_background&quot;:&quot;classic&quot;,&quot;animation&quot;:&quot;none&quot;}\">\n\t\t\t\t<div class=\"elementor-element elementor-element-c231747 elementor-widget__width-inherit animated-slow elementor-invisible elementor-widget elementor-widget-image\" data-id=\"c231747\" data-element_type=\"widget\" data-e-type=\"widget\" data-settings=\"{&quot;_animation&quot;:&quot;zoomIn&quot;}\" data-widget_type=\"image.default\">\n\t\t\t\t<div class=\"elementor-widget-container\">\n\t\t\t\t\t\t\t\t\t\t\t\t\t\t\t<img loading=\"lazy\" decoding=\"async\" width=\"639\" height=\"1045\" src=\"https:\/\/www.lasterrazasdedana.com\/wp-content\/uploads\/2024\/07\/mindo-img04-min.jpg\" class=\"attachment-full size-full wp-image-14877\" alt=\"\" srcset=\"https:\/\/www.lasterrazasdedana.com\/wp-content\/uploads\/2024\/07\/mindo-img04-min.jpg 639w, https:\/\/www.lasterrazasdedana.com\/wp-content\/uploads\/2024\/07\/mindo-img04-min-183x300.jpg 183w, https:\/\/www.lasterrazasdedana.com\/wp-content\/uploads\/2024\/07\/mindo-img04-min-626x1024.jpg 626w\" sizes=\"(max-width: 639px) 100vw, 639px\" title=\"\">\t\t\t\t\t\t\t\t\t\t\t\t\t\t\t<\/div>\n\t\t\t\t<\/div>\n\t\t\t\t<\/div>\n\t\t\t\t<\/div>\n\t\t\t\t<\/div>\n\t\t","protected":false},"excerpt":{"rendered":"<p>Bien-\u00eatre T\u00e9l\u00e9chargerLISTE DE SERVICES pdf Horaire d\u2019ouverture Sur rendez-vous 8H30 \u2013 20H30 Cr\u00e9e par Las Terrazas de Dana paix,amouret spa&#8230;<\/p>\n","protected":false},"author":2,"featured_media":0,"parent":0,"menu_order":0,"comment_status":"closed","ping_status":"closed","template":"elementor_header_footer","meta":{"footnotes":""},"class_list":["post-16981","page","type-page","status-publish","hentry"],"_links":{"self":[{"href":"https:\/\/www.lasterrazasdedana.com\/fr\/wp-json\/wp\/v2\/pages\/16981","targetHints":{"allow":["GET"]}}],"collection":[{"href":"https:\/\/www.lasterrazasdedana.com\/fr\/wp-json\/wp\/v2\/pages"}],"about":[{"href":"https:\/\/www.lasterrazasdedana.com\/fr\/wp-json\/wp\/v2\/types\/page"}],"author":[{"embeddable":true,"href":"https:\/\/www.lasterrazasdedana.com\/fr\/wp-json\/wp\/v2\/users\/2"}],"replies":[{"embeddable":true,"href":"https:\/\/www.lasterrazasdedana.com\/fr\/wp-json\/wp\/v2\/comments?post=16981"}],"version-history":[{"count":1,"href":"https:\/\/www.lasterrazasdedana.com\/fr\/wp-json\/wp\/v2\/pages\/16981\/revisions"}],"predecessor-version":[{"id":16990,"href":"https:\/\/www.lasterrazasdedana.com\/fr\/wp-json\/wp\/v2\/pages\/16981\/revisions\/16990"}],"wp:attachment":[{"href":"https:\/\/www.lasterrazasdedana.com\/fr\/wp-json\/wp\/v2\/media?parent=16981"}],"curies":[{"name":"wp","href":"https:\/\/api.w.org\/{rel}","templated":true}]}}